{"id":128,"date":"2022-04-25T14:53:53","date_gmt":"2022-04-25T14:53:53","guid":{"rendered":"https:\/\/demo.cmssuperheroes.com\/themeforest\/chemlabs\/?page_id=128"},"modified":"2023-09-22T17:43:21","modified_gmt":"2023-09-22T15:43:21","slug":"contacts","status":"publish","type":"page","link":"https:\/\/cooperpharma.ma\/en\/contacts\/","title":{"rendered":"Contacts"},"content":{"rendered":"<div data-elementor-type=\"wp-page\" data-elementor-id=\"128\" class=\"elementor elementor-128\">\n\t\t\t\t\t\t<div class=\"elementor-section elementor-top-section elementor-element elementor-element-f2e291d elementor-section-full_width elementor-section-height-default elementor-section-height-default cms-remove-row-no cms-section-no-padding-no cms-full-content-with-space-none cms-boxed-bg-false cms-section-boxed-divider-false cms-overlay-gradient-bg-yes cms-overlay-gradient-mode-tb\" data-id=\"f2e291d\" data-element_type=\"section\" data-e-type=\"section\" data-settings=\"{&quot;shape_divider_bottom&quot;:&quot;curve&quot;}\">\r\n\t\t\t<div class=\"cms-overlay-gradient\"><\/div><div class=\"cms-section-boxed-bg\"><\/div><div class=\"cms-section-boxed-divider\"><\/div><div class=\"cms-elementor-section-remove\"><\/div><div class=\"cms-elementor-section-corner cms-elementor-section-corner-top\"><\/div><div class=\"cms-elementor-section-corner cms-elementor-section-corner-bottom\"><\/div>\t\t<div class=\"elementor-shape elementor-shape-bottom\" data-negative=\"false\">\r\n\t\t\t<svg xmlns=\"http:\/\/www.w3.org\/2000\/svg\" viewbox=\"0 0 1000 100\" preserveaspectratio=\"none\">\n    <path class=\"elementor-shape-fill\" d=\"M1000,4.3V0H0v4.3C0.9,23.1,126.7,99.2,500,100S1000,22.7,1000,4.3z\"\/>\n<\/svg>\t\t<\/div>\r\n\t\t\t\t\t<div class=\"elementor-container elementor-column-gap-no\" >\r\n\t\t\t        <div class=\"elementor-column elementor-col-100 elementor-top-column elementor-element elementor-element-33ce858\" data-id=\"33ce858\" data-element_type=\"column\" data-e-type=\"column\">\r\n            <div class=\"elementor-widget-wrap elementor-element-populated\">\r\n                \t\t<div class=\"elementor-element elementor-element-1cf1904 cms-maps-layout-1 cms-accordion cms-accordion-layout-1 elementor-widget elementor-widget-cms_map\" data-id=\"1cf1904\" data-element_type=\"widget\" data-e-type=\"widget\" data-widget_type=\"cms_map.default\">\n\t\t\t\t<div class=\"elementor-widget-container\">\n\t\t\t\t\t<div class=\"cms-map-wrapper relative cms-map-height d-flex align-items-center mapstart\">\r\n            <iframe frameborder=\"0\" scrolling=\"no\" marginheight=\"0\" marginwidth=\"0\"\r\n            src=\"https:\/\/maps.google.com\/maps?q=Casablanca%2C%20Maroc&#038;t=m&#038;z=14&#038;output=embed&#038;iwloc=near\"\r\n            title=\"Casablanca, Maroc\"\r\n            aria-label=\"Casablanca, Maroc\"\r\n            class=\"cms-map-iframe cms-map-height absolute w-100\"\r\n        ><\/iframe>    \r\n        <div class=\"container relative z-top\">\r\n        <a href=\"https:\/\/maps.google.com\/maps?q=Casablanca%2C%20Maroc&#038;t=m&#038;z=14&#038;iwloc=near\" target=\"_self\" class=\"cms-overlay\"><\/a>\r\n        <div id=\"cms_map-1cf1904\" class=\"cms-accordion cms-shadow-1 bg-white cms-radius-10 overflow-hidden relative z-top\">\r\n                            <div class=\"cms-heading text-white text-20 bg-primary p-lr-40 p-tb-33 cms-radius-10\">\r\n                    NOS BUREAUX                <\/div>\r\n                                                <div class=\"cms-accordion-item cms-transition active\" data-target=\"#400d7aa\">\r\n                        <div class=\"cms-ac-title text-heading row gutters-20 justify-content-between\">\r\n                            <span class=\"cms-ac-title-icon col-auto order-last\">\r\n                                <span aria-hidden=\"true\" class=\"cms-icon cms-ac-title--icon cms-ac-title-icon-close cmsi-plus\" style=\"\"><\/span><span aria-hidden=\"true\" class=\"cms-icon cms-ac-title--icon cms-ac-title-icon-open cmsi-minus\" style=\"\"><\/span>                            <\/span>\r\n                            <a class=\"cms-ac-title-text text-primary text-17 font-700 col\">SIEGE<\/a>\r\n                        <\/div>\r\n                        <div id=\"400d7aa\" class=\"cms-ac-content\" style=\"display:block;\">   Adresse: 41, Rue Mohammed Diouri, Casablanca, Maroc<br \/>\n  City: Casablanca<br \/>\n  T\u00e9l\u00e9phone: +212 (522) 45 32 00\/ +212 (522) 30 48 53<\/div>\r\n                    <\/div>\r\n                                    <div class=\"cms-accordion-item cms-transition\" data-target=\"#f7dd183\">\r\n                        <div class=\"cms-ac-title text-heading row gutters-20 justify-content-between\">\r\n                            <span class=\"cms-ac-title-icon col-auto order-last\">\r\n                                <span aria-hidden=\"true\" class=\"cms-icon cms-ac-title--icon cms-ac-title-icon-close cmsi-plus\" style=\"\"><\/span><span aria-hidden=\"true\" class=\"cms-icon cms-ac-title--icon cms-ac-title-icon-open cmsi-minus\" style=\"\"><\/span>                            <\/span>\r\n                            <a class=\"cms-ac-title-text text-primary text-17 font-700 col\">USINE TIT MELLIL<\/a>\r\n                        <\/div>\r\n                        <div id=\"f7dd183\" class=\"cms-ac-content\">   Adresse:Douar Ouled Sidi Abbou, Km 2,5- Tit Mellil Casablanca<br \/>\n  City: Casablanca<br \/>\n  T\u00e9l\u00e9phone: +212 (522) 33 13 52 \/ +212 (522) 33 13 37<\/div>\r\n                    <\/div>\r\n                        <\/div>\r\n    <\/div>\r\n<\/div>\t\t\t\t<\/div>\n\t\t\t\t<\/div>\n\t\t            <\/div>\r\n        <\/div>\r\n        \t\t\t<\/div>\r\n\t\t<\/div>\r\n\t\t\t\t<div class=\"elementor-section elementor-top-section elementor-element elementor-element-49614b4 p-tb-20 pt-lg-70 pb-lg-110 elementor-section-boxed elementor-section-height-default elementor-section-height-default cms-remove-row-no cms-section-no-padding-no cms-boxed-bg-false cms-section-boxed-divider-false cms-overlay-gradient-bg-yes cms-overlay-gradient-mode-tb\" data-id=\"49614b4\" data-element_type=\"section\" data-e-type=\"section\">\r\n\t\t\t<div class=\"cms-overlay-gradient\"><\/div><div class=\"cms-section-boxed-bg\"><\/div><div class=\"cms-section-boxed-divider\"><\/div><div class=\"cms-elementor-section-remove\"><\/div><div class=\"cms-elementor-section-corner cms-elementor-section-corner-top\"><\/div><div class=\"cms-elementor-section-corner cms-elementor-section-corner-bottom\"><\/div>\t\t\t<div class=\"elementor-container elementor-column-gap-default\" >\r\n\t\t\t        <div class=\"elementor-column elementor-col-100 elementor-top-column elementor-element elementor-element-3570711\" data-id=\"3570711\" data-element_type=\"column\" data-e-type=\"column\">\r\n            <div class=\"elementor-widget-wrap elementor-element-populated\">\r\n                \t\t<div class=\"elementor-element elementor-element-ddd6574 cms-cf7-layout-2 elementor-widget elementor-widget-cms_ctf7\" data-id=\"ddd6574\" data-element_type=\"widget\" data-e-type=\"widget\" data-widget_type=\"cms_ctf7.default\">\n\t\t\t\t<div class=\"elementor-widget-container\">\n\t\t\t\t\t<div class=\"d-flex justify-content-start text-start\">\r\n                <div class=\"cms-posts-heading w-100 pb-45\">\r\n                        <div class=\"cms-smallheading mt-n5 text-16 font-700 pb-10  text-accent empty-none\">Cooper Pharma<\/div>\r\n    <div class=\"extra-space clearfix\"> <\/div>\r\n    <h2 class=\"cms-mainheading cms-heading mt-n5 text-24 text-md-37 text-lg-40 lh-1-454  text-heading empty-none\">FORMULAIRE DE CONTACT<\/h2>\r\n    <div class=\"extra-space clearfix\"> <\/div>\r\n                <\/div><\/div>\r\n            <div class=\"cms-cf7 relative cms-shadow-\">\r\n    <div class=\"cms-cf7-inner row gutters-grid\">\r\n        <div class=\"cms-banner col-lg-4\">\r\n            <div class=\"cms-cf7-banner-inner pr-xl-70\">\r\n                    <div class=\"cms-form-desc text-17 mb-25 mt-n5  text-body empty-none\"> Pour toute question ou demande d'information. N'h\u00e9sitez pas \u00e0 remplir le formulaire de contact.\n<\/br>\n<\/br>\n<\/br>\nUn de nos agents prendra contact avec vous dans les plus brefs d\u00e9lais! <\/div>\r\n    <div class=\"extra-space clearfix\"> <\/div>\r\n            <\/div>\r\n        <\/div>\r\n        <div class=\"col-lg-8\">\n<div class=\"wpcf7 no-js\" id=\"wpcf7-f3295-o1\" lang=\"en-US\" dir=\"ltr\" data-wpcf7-id=\"3295\">\n<div class=\"screen-reader-response\"><p role=\"status\" aria-live=\"polite\" aria-atomic=\"true\"><\/p> <ul><\/ul><\/div>\n<form action=\"\/en\/wp-json\/wp\/v2\/pages\/128#wpcf7-f3295-o1\" method=\"post\" class=\"wpcf7-form init\" aria-label=\"Contact form\" novalidate=\"novalidate\" data-status=\"init\" data-trp-original-action=\"\/en\/wp-json\/wp\/v2\/pages\/128#wpcf7-f3295-o1\">\n<fieldset class=\"hidden-fields-container\"><input type=\"hidden\" name=\"_wpcf7\" value=\"3295\" \/><input type=\"hidden\" name=\"_wpcf7_version\" value=\"6.1.5\" \/><input type=\"hidden\" name=\"_wpcf7_locale\" value=\"en_US\" \/><input type=\"hidden\" name=\"_wpcf7_unit_tag\" value=\"wpcf7-f3295-o1\" \/><input type=\"hidden\" name=\"_wpcf7_container_post\" value=\"0\" \/><input type=\"hidden\" name=\"_wpcf7_posted_data_hash\" value=\"\" \/>\n<\/fieldset>\n<div class=\"row gutters-30 gutters-grid\">\n\t<div class=\"col-lg-4\">\n\t\t<p><span class=\"wpcf7-form-control-wrap\" data-name=\"your-name\"><input size=\"40\" maxlength=\"400\" class=\"wpcf7-form-control wpcf7-text wpcf7-validates-as-required\" aria-required=\"true\" aria-invalid=\"false\" placeholder=\"Nom\" value=\"\" type=\"text\" name=\"your-name\" \/><\/span>\n\t\t<\/p>\n\t<\/div>\n\t<div class=\"col-lg-4\">\n\t\t<p><span class=\"wpcf7-form-control-wrap\" data-name=\"your-email\"><input size=\"40\" maxlength=\"400\" class=\"wpcf7-form-control wpcf7-email wpcf7-validates-as-required wpcf7-text wpcf7-validates-as-email\" aria-required=\"true\" aria-invalid=\"false\" placeholder=\"Email\" value=\"\" type=\"email\" name=\"your-email\" \/><\/span>\n\t\t<\/p>\n\t<\/div>\n\t<div class=\"col-lg-4\">\n\t\t<p><span class=\"wpcf7-form-control-wrap\" data-name=\"phone\"><input size=\"40\" maxlength=\"400\" class=\"wpcf7-form-control wpcf7-tel wpcf7-validates-as-required wpcf7-text wpcf7-validates-as-tel\" aria-required=\"true\" aria-invalid=\"false\" placeholder=\"T\u00e9l\u00e9phone\" value=\"\" type=\"tel\" name=\"phone\" \/><\/span>\n\t\t<\/p>\n\t<\/div>\n\t<div class=\"col-12\">\n\t\t<p><span class=\"wpcf7-form-control-wrap\" data-name=\"your-message\"><textarea cols=\"40\" rows=\"10\" maxlength=\"2000\" class=\"wpcf7-form-control wpcf7-textarea\" aria-invalid=\"false\" placeholder=\"Message\" name=\"your-message\"><\/textarea><\/span>\n\t\t<\/p>\n\t<\/div>\n\t<div class=\"col-12 mt-10\">\n\t\t<p><div class=\"cms-submit\"><button class=\"wpcf7-form-control wpcf7-submit btn btn-fill btn-accent text-white btn-hover-primary text-hover-white btn-lg w-100\" type=\"submit\"><span class=\"cms-btn-content justify-content-center\"><span class=\"wpcf7-submit-icon cms-btn-icon cmsi-arrow-right\"><\/span><span class=\"cms-btn-text\">Envoyer<\/span><\/span><\/button><\/div>\n\t\t<\/p>\n\t<\/div>\n<\/div><div class=\"wpcf7-response-output\" aria-hidden=\"true\"><\/div><input type=\"hidden\" value=\"no\" id=\"cf7-calculator-enable\" ><input type=\"hidden\" value=\"2\" id=\"cf7-calculator-decimals\" ><input type=\"hidden\" value=\".\" id=\"cf7-calculator-separator\" ><input type=\"hidden\" value=\",\" id=\"cf7-calculator-thousand\" ><input type=\"hidden\" value=\"no\" id=\"cf7-calculator-right\" ><input type=\"hidden\" value=\"\" id=\"cf7-calculator-currency\" ><input type=\"hidden\" value=\"left\" id=\"cf7-calculator-currency_position\" >\r\n            <style type=\"text\/css\" >\r\n                .cf7-hide {\r\n                    display: none !important;\r\n                }\r\n                .cf7-calculated-name {\r\n                    width: 100%;\r\n                    display: inline-block;\r\n                }\r\n            <\/style>\n<input type=\"hidden\" name=\"trp-form-language\" value=\"en\"\/><\/form>\n<\/div>\n<\/div>\r\n            <\/div>\r\n<\/div>\t\t\t\t<\/div>\n\t\t\t\t<\/div>\n\t\t            <\/div>\r\n        <\/div>\r\n        \t\t\t<\/div>\r\n\t\t<\/div>\r\n\t\t\t\t<\/div>","protected":false},"excerpt":{"rendered":"<p>NOS BUREAUX SIEGE Adresse: 41, Rue Mohammed Diouri, Casablanca, Maroc City: Casablanca T\u00e9l\u00e9phone: +212 (522) 45 32 00\/ +212 (522) 30 48 53 USINE TIT MELLIL Adresse:Douar Ouled Sidi Abbou, Km 2,5- Tit Mellil Casablanca City: Casablanca T\u00e9l\u00e9phone: +212 (522) 33 13 52 \/ +212 (522) 33 13 37 Cooper Pharma FORMULAIRE DE CONTACT Pour toute question ou demande d&rsquo;information. N&rsquo;h\u00e9sitez pas \u00e0 remplir le formulaire de contact. Un de nos agents prendra contact avec vous dans les plus brefs d\u00e9lais! Envoyer<\/p>","protected":false},"author":1,"featured_media":0,"parent":0,"menu_order":18,"comment_status":"closed","ping_status":"closed","template":"","meta":{"footnotes":""},"class_list":["post-128","page","type-page","status-publish","hentry","cms-no-post-thumbnail"],"lang":"fr","translations":{"fr":128,"en":5819},"_links":{"self":[{"href":"https:\/\/cooperpharma.ma\/en\/wp-json\/wp\/v2\/pages\/128","targetHints":{"allow":["GET"]}}],"collection":[{"href":"https:\/\/cooperpharma.ma\/en\/wp-json\/wp\/v2\/pages"}],"about":[{"href":"https:\/\/cooperpharma.ma\/en\/wp-json\/wp\/v2\/types\/page"}],"author":[{"embeddable":true,"href":"https:\/\/cooperpharma.ma\/en\/wp-json\/wp\/v2\/users\/1"}],"replies":[{"embeddable":true,"href":"https:\/\/cooperpharma.ma\/en\/wp-json\/wp\/v2\/comments?post=128"}],"version-history":[{"count":8,"href":"https:\/\/cooperpharma.ma\/en\/wp-json\/wp\/v2\/pages\/128\/revisions"}],"predecessor-version":[{"id":5322,"href":"https:\/\/cooperpharma.ma\/en\/wp-json\/wp\/v2\/pages\/128\/revisions\/5322"}],"wp:attachment":[{"href":"https:\/\/cooperpharma.ma\/en\/wp-json\/wp\/v2\/media?parent=128"}],"curies":[{"name":"wp","href":"https:\/\/api.w.org\/{rel}","templated":true}]}}