{"id":3971,"date":"2023-04-12T17:02:17","date_gmt":"2023-04-12T15:02:17","guid":{"rendered":"https:\/\/cooperpharma.ma\/?page_id=3971"},"modified":"2024-03-06T15:50:00","modified_gmt":"2024-03-06T14:50:00","slug":"nos-produits","status":"publish","type":"page","link":"https:\/\/cooperpharma.ma\/en\/nos-produits\/","title":{"rendered":"Our Products"},"content":{"rendered":"<div data-elementor-type=\"wp-page\" data-elementor-id=\"3971\" class=\"elementor elementor-3971\">\n\t\t\t\t\t\t<div class=\"elementor-section elementor-top-section elementor-element elementor-element-e3cabf1 elementor-section-boxed elementor-section-height-default elementor-section-height-default cms-remove-row-no cms-section-no-padding-no cms-boxed-bg-false cms-section-boxed-divider-false cms-overlay-gradient-bg-yes cms-overlay-gradient-mode-tb\" data-id=\"e3cabf1\" data-element_type=\"section\" data-e-type=\"section\">\r\n\t\t\t<div class=\"cms-overlay-gradient\"><\/div><div class=\"cms-section-boxed-bg\"><\/div><div class=\"cms-section-boxed-divider\"><\/div><div class=\"cms-elementor-section-remove\"><\/div><div class=\"cms-elementor-section-corner cms-elementor-section-corner-top\"><\/div><div class=\"cms-elementor-section-corner cms-elementor-section-corner-bottom\"><\/div>\t\t\t<div class=\"elementor-container elementor-column-gap-default\" >\r\n\t\t\t        <div class=\"elementor-column elementor-col-100 elementor-top-column elementor-element elementor-element-46cb4e6\" data-id=\"46cb4e6\" data-element_type=\"column\" data-e-type=\"column\">\r\n            <div class=\"elementor-widget-wrap\">\r\n                            <\/div>\r\n        <\/div>\r\n        \t\t\t<\/div>\r\n\t\t<\/div>\r\n\t\t\t\t<div class=\"elementor-section elementor-top-section elementor-element elementor-element-c331aa0 elementor-section-stretched elementor-section-boxed elementor-section-height-default elementor-section-height-default cms-remove-row-no cms-section-no-padding-no cms-boxed-bg-false cms-section-boxed-divider-false cms-overlay-gradient-bg-yes cms-overlay-gradient-mode-tb\" data-id=\"c331aa0\" data-element_type=\"section\" data-e-type=\"section\" data-settings=\"{&quot;stretch_section&quot;:&quot;section-stretched&quot;}\">\r\n\t\t\t<div class=\"cms-overlay-gradient\"><\/div><div class=\"cms-section-boxed-bg\"><\/div><div class=\"cms-section-boxed-divider\"><\/div><div class=\"cms-elementor-section-remove\"><\/div><div class=\"cms-elementor-section-corner cms-elementor-section-corner-top\"><\/div><div class=\"cms-elementor-section-corner cms-elementor-section-corner-bottom\"><\/div>\t\t\t<div class=\"elementor-container elementor-column-gap-default\" >\r\n\t\t\t        <div class=\"elementor-column elementor-col-50 elementor-top-column elementor-element elementor-element-6450220\" data-id=\"6450220\" data-element_type=\"column\" data-e-type=\"column\">\r\n            <div class=\"elementor-widget-wrap elementor-element-populated\">\r\n                \t\t<div class=\"elementor-element elementor-element-6031ac4 elementor-widget elementor-widget-text-editor\" data-id=\"6031ac4\" data-element_type=\"widget\" data-e-type=\"widget\" data-widget_type=\"text-editor.default\">\n\t\t\t\t<div class=\"elementor-widget-container\">\n\t\t\t\t\t\t\t\t\t<p>Cooper Pharma fabrique et distribue un grand nombre de produits : plus de 200 sp\u00e9cialit\u00e9s sous pr\u00e8s de 300 pr\u00e9sentations aussi bien pour sa gamme de produits g\u00e9n\u00e9riques de marque Cooper que pour le compte des commettants (partenaires en mod\u00e8le sous licence) qui ne cessent de lui renouveler leur confiance et leur fid\u00e9lit\u00e9.<\/p>\t\t\t\t\t\t\t\t<\/div>\n\t\t\t\t<\/div>\n\t\t\t\t<div class=\"elementor-element elementor-element-ee04c6a elementor-widget elementor-widget-heading\" data-id=\"ee04c6a\" data-element_type=\"widget\" data-e-type=\"widget\" data-widget_type=\"heading.default\">\n\t\t\t\t<div class=\"elementor-widget-container\">\n\t\t\t\t\t<h4 class=\"elementor-heading-title elementor-size-default\">Vous pouvez recevoir notre catalogue de produit, par email en remplissant le formulaire suivant :<\/h4>\t\t\t\t<\/div>\n\t\t\t\t<\/div>\n\t\t\t\t<div class=\"elementor-element elementor-element-721da55 elementor-widget elementor-widget-image\" data-id=\"721da55\" data-element_type=\"widget\" data-e-type=\"widget\" data-widget_type=\"image.default\">\n\t\t\t\t<div class=\"elementor-widget-container\">\n\t\t\t\t\t\t\t\t\t\t\t\t\t\t\t<img fetchpriority=\"high\" decoding=\"async\" width=\"840\" height=\"562\" src=\"https:\/\/cooperpharma.ma\/wp-content\/uploads\/2023\/04\/minimal-medicinal-pills-composition-840x562.jpeg\" class=\"attachment-large size-large wp-image-4456\" alt=\"\" srcset=\"https:\/\/cooperpharma.ma\/wp-content\/uploads\/2023\/04\/minimal-medicinal-pills-composition-840x562.jpeg 840w, https:\/\/cooperpharma.ma\/wp-content\/uploads\/2023\/04\/minimal-medicinal-pills-composition-770x514.jpeg 770w, https:\/\/cooperpharma.ma\/wp-content\/uploads\/2023\/04\/minimal-medicinal-pills-composition-18x12.jpeg 18w, https:\/\/cooperpharma.ma\/wp-content\/uploads\/2023\/04\/minimal-medicinal-pills-composition-600x400.jpeg 600w\" sizes=\"(max-width: 840px) 100vw, 840px\" \/>\t\t\t\t\t\t\t\t\t\t\t\t\t\t\t<\/div>\n\t\t\t\t<\/div>\n\t\t            <\/div>\r\n        <\/div>\r\n                <div class=\"elementor-column elementor-col-50 elementor-top-column elementor-element elementor-element-7a96f66\" data-id=\"7a96f66\" data-element_type=\"column\" data-e-type=\"column\">\r\n            <div class=\"elementor-widget-wrap elementor-element-populated\">\r\n                \t\t<div class=\"elementor-element elementor-element-83929d9 elementor-widget elementor-widget-shortcode\" data-id=\"83929d9\" data-element_type=\"widget\" data-e-type=\"widget\" data-widget_type=\"shortcode.default\">\n\t\t\t\t<div class=\"elementor-widget-container\">\n\t\t\t\t\t\t\t<div class=\"elementor-shortcode\">\n<div class=\"wpcf7 no-js\" id=\"wpcf7-f4010-o1\" lang=\"fr-FR\" dir=\"ltr\" data-wpcf7-id=\"4010\">\n<div class=\"screen-reader-response\"><p role=\"status\" aria-live=\"polite\" aria-atomic=\"true\"><\/p> <ul><\/ul><\/div>\n<form action=\"\/en\/wp-json\/wp\/v2\/pages\/3971#wpcf7-f4010-o1\" method=\"post\" class=\"wpcf7-form init\" aria-label=\"Formulaire de contact\" novalidate=\"novalidate\" data-status=\"init\" data-trp-original-action=\"\/en\/wp-json\/wp\/v2\/pages\/3971#wpcf7-f4010-o1\">\n<fieldset class=\"hidden-fields-container\"><input type=\"hidden\" name=\"_wpcf7\" value=\"4010\" \/><input type=\"hidden\" name=\"_wpcf7_version\" value=\"6.1.5\" \/><input type=\"hidden\" name=\"_wpcf7_locale\" value=\"fr_FR\" \/><input type=\"hidden\" name=\"_wpcf7_unit_tag\" value=\"wpcf7-f4010-o1\" \/><input type=\"hidden\" name=\"_wpcf7_container_post\" value=\"0\" \/><input type=\"hidden\" name=\"_wpcf7_posted_data_hash\" value=\"\" \/>\n<\/fieldset>\n<p><label> Votre Nom \/ Pr\u00e9nom<br \/>\n<span class=\"wpcf7-form-control-wrap\" data-name=\"your-name\"><input size=\"40\" maxlength=\"400\" class=\"wpcf7-form-control wpcf7-text wpcf7-validates-as-required\" autocomplete=\"name\" aria-required=\"true\" aria-invalid=\"false\" value=\"\" type=\"text\" name=\"your-name\" \/><\/span> <\/label>\n<\/p>\n<p><label> Votre Soci\u00e9t\u00e9 \/ Organisation<br \/>\n<span class=\"wpcf7-form-control-wrap\" data-name=\"SocitOrganisation\"><input size=\"40\" maxlength=\"400\" class=\"wpcf7-form-control wpcf7-text wpcf7-validates-as-required\" aria-required=\"true\" aria-invalid=\"false\" value=\"\" type=\"text\" name=\"SocitOrganisation\" \/><\/span> <\/label>\n<\/p>\n<p><label> Votre Fonction<br \/>\n<span class=\"wpcf7-form-control-wrap\" data-name=\"Fonction\"><input size=\"40\" maxlength=\"400\" class=\"wpcf7-form-control wpcf7-text wpcf7-validates-as-required\" aria-required=\"true\" aria-invalid=\"false\" value=\"\" type=\"text\" name=\"Fonction\" \/><\/span> <\/label>\n<\/p>\n<p><label> Votre e-mail :<br \/>\n<span class=\"wpcf7-form-control-wrap\" data-name=\"your-email\"><input size=\"40\" maxlength=\"400\" class=\"wpcf7-form-control wpcf7-email wpcf7-validates-as-required wpcf7-text wpcf7-validates-as-email\" autocomplete=\"email\" aria-required=\"true\" aria-invalid=\"false\" value=\"\" type=\"email\" name=\"your-email\" \/><\/span> <\/label>\n<\/p>\n<p><label> T\u00e9l\u00e9phone :<br \/>\n<span class=\"wpcf7-form-control-wrap\" data-name=\"tel\"><input size=\"40\" maxlength=\"400\" class=\"wpcf7-form-control wpcf7-tel wpcf7-text wpcf7-validates-as-tel\" aria-invalid=\"false\" value=\"\" type=\"tel\" name=\"tel\" \/><\/span> <\/label>\n<\/p>\n<p><div class=\"cms-submit\"><button class=\"wpcf7-form-control wpcf7-submit\" type=\"submit\"><span class=\"cms-btn-content justify-content-center\"><span class=\"cms-btn-text\">Envoyer<\/span><\/span><\/button><\/div>\n<\/p><div class=\"wpcf7-response-output\" aria-hidden=\"true\"><\/div><input type=\"hidden\" value=\"no\" id=\"cf7-calculator-enable\" ><input type=\"hidden\" value=\"2\" id=\"cf7-calculator-decimals\" ><input type=\"hidden\" value=\".\" id=\"cf7-calculator-separator\" ><input type=\"hidden\" value=\",\" id=\"cf7-calculator-thousand\" ><input type=\"hidden\" value=\"no\" id=\"cf7-calculator-right\" ><input type=\"hidden\" value=\"\" id=\"cf7-calculator-currency\" ><input type=\"hidden\" value=\"yes\" id=\"cf7-calculator-currency_position\" >\r\n            <style type=\"text\/css\" >\r\n                .cf7-hide {\r\n                    display: none !important;\r\n                }\r\n                .cf7-calculated-name {\r\n                    width: 100%;\r\n                    display: inline-block;\r\n                }\r\n            <\/style>\n<input type=\"hidden\" name=\"trp-form-language\" value=\"en\"\/><\/form>\n<\/div>\n<\/div>\n\t\t\t\t\t\t<\/div>\n\t\t\t\t<\/div>\n\t\t            <\/div>\r\n        <\/div>\r\n        \t\t\t<\/div>\r\n\t\t<\/div>\r\n\t\t\t\t<\/div>","protected":false},"excerpt":{"rendered":"<p>Cooper Pharma fabrique et distribue un grand nombre de produits : plus de 200 sp\u00e9cialit\u00e9s sous pr\u00e8s de 300 pr\u00e9sentations aussi bien pour sa gamme de produits g\u00e9n\u00e9riques de marque Cooper que pour le compte des commettants (partenaires en mod\u00e8le sous licence) qui ne cessent de lui renouveler leur confiance et leur fid\u00e9lit\u00e9. Vous pouvez recevoir notre catalogue de produit, par email en remplissant le formulaire suivant :<\/p>","protected":false},"author":1,"featured_media":0,"parent":0,"menu_order":0,"comment_status":"closed","ping_status":"closed","template":"","meta":{"footnotes":""},"class_list":["post-3971","page","type-page","status-publish","hentry","cms-no-post-thumbnail"],"lang":"fr","translations":{"fr":3971,"en":5773},"_links":{"self":[{"href":"https:\/\/cooperpharma.ma\/en\/wp-json\/wp\/v2\/pages\/3971","targetHints":{"allow":["GET"]}}],"collection":[{"href":"https:\/\/cooperpharma.ma\/en\/wp-json\/wp\/v2\/pages"}],"about":[{"href":"https:\/\/cooperpharma.ma\/en\/wp-json\/wp\/v2\/types\/page"}],"author":[{"embeddable":true,"href":"https:\/\/cooperpharma.ma\/en\/wp-json\/wp\/v2\/users\/1"}],"replies":[{"embeddable":true,"href":"https:\/\/cooperpharma.ma\/en\/wp-json\/wp\/v2\/comments?post=3971"}],"version-history":[{"count":16,"href":"https:\/\/cooperpharma.ma\/en\/wp-json\/wp\/v2\/pages\/3971\/revisions"}],"predecessor-version":[{"id":5587,"href":"https:\/\/cooperpharma.ma\/en\/wp-json\/wp\/v2\/pages\/3971\/revisions\/5587"}],"wp:attachment":[{"href":"https:\/\/cooperpharma.ma\/en\/wp-json\/wp\/v2\/media?parent=3971"}],"curies":[{"name":"wp","href":"https:\/\/api.w.org\/{rel}","templated":true}]}}