{"id":4001,"date":"2023-04-12T17:03:26","date_gmt":"2023-04-12T15:03:26","guid":{"rendered":"https:\/\/cooperpharma.ma\/?page_id=4001"},"modified":"2023-09-22T17:39:46","modified_gmt":"2023-09-22T15:39:46","slug":"integrer-le-groupe","status":"publish","type":"page","link":"https:\/\/cooperpharma.ma\/en\/integrer-le-groupe\/","title":{"rendered":"Int\u00e9grer le Groupe"},"content":{"rendered":"<div data-elementor-type=\"wp-page\" data-elementor-id=\"4001\" class=\"elementor elementor-4001\">\n\t\t\t\t\t\t<div class=\"elementor-section elementor-top-section elementor-element elementor-element-06ca987 elementor-section-boxed elementor-section-height-default elementor-section-height-default cms-remove-row-no cms-section-no-padding-no cms-boxed-bg-false cms-section-boxed-divider-false cms-overlay-gradient-bg-yes cms-overlay-gradient-mode-tb\" data-id=\"06ca987\" data-element_type=\"section\" data-e-type=\"section\">\r\n\t\t\t<div class=\"cms-overlay-gradient\"><\/div><div class=\"cms-section-boxed-bg\"><\/div><div class=\"cms-section-boxed-divider\"><\/div><div class=\"cms-elementor-section-remove\"><\/div><div class=\"cms-elementor-section-corner cms-elementor-section-corner-top\"><\/div><div class=\"cms-elementor-section-corner cms-elementor-section-corner-bottom\"><\/div>\t\t\t<div class=\"elementor-container elementor-column-gap-default\" >\r\n\t\t\t        <div class=\"elementor-column elementor-col-100 elementor-top-column elementor-element elementor-element-5ef516b\" data-id=\"5ef516b\" data-element_type=\"column\" data-e-type=\"column\">\r\n            <div class=\"elementor-widget-wrap\">\r\n                            <\/div>\r\n        <\/div>\r\n        \t\t\t<\/div>\r\n\t\t<\/div>\r\n\t\t\t\t<div class=\"elementor-section elementor-top-section elementor-element elementor-element-ae8a048 bg-primary pt-110 cms-overlay-gradient-primary cms-overlay-gradient-mode-bt elementor-section-boxed elementor-section-height-default elementor-section-height-default cms-remove-row-no cms-section-no-padding-no cms-boxed-bg-false cms-section-boxed-divider-false cms-overlay-gradient-bg-yes\" data-id=\"ae8a048\" data-element_type=\"section\" data-e-type=\"section\" data-settings=\"{&quot;background_background&quot;:&quot;classic&quot;,&quot;shape_divider_bottom&quot;:&quot;curve&quot;}\">\r\n\t\t\t<div class=\"cms-overlay-gradient\"><\/div><div class=\"cms-section-boxed-bg\"><\/div><div class=\"cms-section-boxed-divider\"><\/div><div class=\"cms-elementor-section-remove\"><\/div><div class=\"cms-elementor-section-corner cms-elementor-section-corner-top\"><\/div><div class=\"cms-elementor-section-corner cms-elementor-section-corner-bottom\"><\/div>\t\t<div class=\"elementor-shape elementor-shape-bottom\" data-negative=\"false\">\r\n\t\t\t<svg xmlns=\"http:\/\/www.w3.org\/2000\/svg\" viewbox=\"0 0 1000 100\" preserveaspectratio=\"none\">\n    <path class=\"elementor-shape-fill\" d=\"M1000,4.3V0H0v4.3C0.9,23.1,126.7,99.2,500,100S1000,22.7,1000,4.3z\"\/>\n<\/svg>\t\t<\/div>\r\n\t\t\t\t\t<div class=\"elementor-container elementor-column-gap-default\" >\r\n\t\t\t        <div class=\"elementor-column elementor-col-25 elementor-top-column elementor-element elementor-element-7c73c89\" data-id=\"7c73c89\" data-element_type=\"column\" data-e-type=\"column\">\r\n            <div class=\"elementor-widget-wrap\">\r\n                            <\/div>\r\n        <\/div>\r\n                <div class=\"elementor-column elementor-col-25 elementor-top-column elementor-element elementor-element-539ff40 order-lg-last\" data-id=\"539ff40\" data-element_type=\"column\" data-e-type=\"column\">\r\n            <div class=\"elementor-widget-wrap\">\r\n                            <\/div>\r\n        <\/div>\r\n                <div class=\"elementor-column elementor-col-50 elementor-top-column elementor-element elementor-element-d7a44ae\" data-id=\"d7a44ae\" data-element_type=\"column\" data-e-type=\"column\">\r\n            <div class=\"elementor-widget-wrap elementor-element-populated\">\r\n                \t\t<div class=\"elementor-element elementor-element-d5fa03e cms-shadow-wrap-1 cms-form-field-checkbo-radio-label-body cms-cf7-layout-1 elementor-widget elementor-widget-cms_ctf7\" data-id=\"d5fa03e\" data-element_type=\"widget\" data-e-type=\"widget\" data-widget_type=\"cms_ctf7.default\">\n\t\t\t\t<div class=\"elementor-widget-container\">\n\t\t\t\t\t<div class=\"d-flex justify-content-center justify-content-md-center justify-content-lg-center text-center text-md-center text-lg-center\">\r\n                <div class=\"cms-posts-heading w-100 pb-45\">\r\n                        <h2 class=\"cms-mainheading cms-heading mt-n5 text-24 text-md-37 text-lg-40 lh-1-454  text-white empty-none\">Pour d\u00e9poser une candidature spontan\u00e9e, veuillez remplir le formulaire suivant :\u00a0<\/h2>\r\n    <div class=\"extra-space clearfix\"> <\/div>\r\n                <\/div><\/div>\r\n            <div class=\"cms-cf7 relative p-tb-50 p-lr-20 p-lr-md-30 p-lr-lg-40 p-lr-xl-60 bg-white cms-shadow-1 cms-radius-20\">\r\n    <div class=\"cms-cf7-inner\">\r\n        <div class=\"cms-banner\">\r\n            <div class=\"cms-cf7-banner-inner\">\r\n                    <h4 class=\"cms-form-heading cms-heading mt-n5 mb-15 text-24  text-heading empty-none\">Formulaire de candidature<\/h4>\r\n    <div class=\"extra-space clearfix\"> <\/div>\r\n    <div class=\"cms-form-desc mb-25  text-body empty-none\">Veuillez rentrer les informations ci-dessous: <\/div>\r\n    <div class=\"extra-space clearfix\"> <\/div>\r\n            <\/div>\r\n        <\/div>\r\n        \n<div class=\"wpcf7 no-js\" id=\"wpcf7-f1687-o1\" lang=\"en-US\" dir=\"ltr\" data-wpcf7-id=\"1687\">\n<div class=\"screen-reader-response\"><p role=\"status\" aria-live=\"polite\" aria-atomic=\"true\"><\/p> <ul><\/ul><\/div>\n<form action=\"\/en\/wp-json\/wp\/v2\/pages\/4001#wpcf7-f1687-o1\" method=\"post\" class=\"wpcf7-form init\" aria-label=\"Contact form\" enctype=\"multipart\/form-data\" novalidate=\"novalidate\" data-status=\"init\" data-trp-original-action=\"\/en\/wp-json\/wp\/v2\/pages\/4001#wpcf7-f1687-o1\">\n<fieldset class=\"hidden-fields-container\"><input type=\"hidden\" name=\"_wpcf7\" value=\"1687\" \/><input type=\"hidden\" name=\"_wpcf7_version\" value=\"6.1.5\" \/><input type=\"hidden\" name=\"_wpcf7_locale\" value=\"en_US\" \/><input type=\"hidden\" name=\"_wpcf7_unit_tag\" value=\"wpcf7-f1687-o1\" \/><input type=\"hidden\" name=\"_wpcf7_container_post\" value=\"0\" \/><input type=\"hidden\" name=\"_wpcf7_posted_data_hash\" value=\"\" \/>\n<\/fieldset>\n<div class=\"row\">\n\t<div class=\"col-lg-6 pb-25\">\n\t\t<p><label>Nom<\/label><span class=\"wpcf7-form-control-wrap\" data-name=\"your-name\"><input size=\"40\" maxlength=\"400\" class=\"wpcf7-form-control wpcf7-text wpcf7-validates-as-required\" aria-required=\"true\" aria-invalid=\"false\" placeholder=\"Nom\" value=\"\" type=\"text\" name=\"your-name\" \/><\/span>\n\t\t<\/p>\n\t<\/div>\n\t<div class=\"col-lg-6 pb-25\">\n\t\t<p><label>Pr\u00e9nom<\/label><span class=\"wpcf7-form-control-wrap\" data-name=\"your-surname\"><input size=\"40\" maxlength=\"400\" class=\"wpcf7-form-control wpcf7-text wpcf7-validates-as-required\" aria-required=\"true\" aria-invalid=\"false\" placeholder=\"Pr\u00e9nom\" value=\"\" type=\"text\" name=\"your-surname\" \/><\/span>\n\t\t<\/p>\n\t<\/div>\n\t<div class=\"col-lg-6 pb-25\">\n\t\t<p><label>Candidature pour:<\/label><span class=\"wpcf7-form-control-wrap\" data-name=\"your-cand\"><input size=\"40\" maxlength=\"400\" class=\"wpcf7-form-control wpcf7-text wpcf7-validates-as-required\" aria-required=\"true\" aria-invalid=\"false\" placeholder=\"Candidature\" value=\"\" type=\"text\" name=\"your-cand\" \/><\/span>\n\t\t<\/p>\n\t<\/div>\n\t<div class=\"col-lg-6 pb-25\">\n\t\t<p><label> Email<\/label><span class=\"wpcf7-form-control-wrap\" data-name=\"your-email\"><input size=\"40\" maxlength=\"400\" class=\"wpcf7-form-control wpcf7-email wpcf7-validates-as-required wpcf7-text wpcf7-validates-as-email\" aria-required=\"true\" aria-invalid=\"false\" placeholder=\"Email\" value=\"\" type=\"email\" name=\"your-email\" \/><\/span>\n\t\t<\/p>\n\t<\/div>\n\t<div class=\"col-lg-4 pb-25\">\n\t\t<p><label>T\u00e9l<\/label><span class=\"wpcf7-form-control-wrap\" data-name=\"phone\"><input size=\"40\" maxlength=\"400\" class=\"wpcf7-form-control wpcf7-tel wpcf7-validates-as-required wpcf7-text wpcf7-validates-as-tel\" aria-required=\"true\" aria-invalid=\"false\" placeholder=\"T\u00e9l\" value=\"\" type=\"tel\" name=\"phone\" \/><\/span>\n\t\t<\/p>\n\t<\/div>\n\t<div class=\"col-lg-4 pb-25\">\n\t\t<p><label>Votre CV*<\/label><span class=\"wpcf7-form-control-wrap\" data-name=\"your-cv\"><input size=\"40\" class=\"wpcf7-form-control wpcf7-file wpcf7-validates-as-required\" accept=\"audio\/*,video\/*,image\/*\" aria-required=\"true\" aria-invalid=\"false\" type=\"file\" name=\"your-cv\" \/><\/span>\n\t\t<\/p>\n\t<\/div>\n\t<div class=\"col-lg-4 pb-25\">\n\t\t<p><label>Lettre de motivation<\/label><span class=\"wpcf7-form-control-wrap\" data-name=\"your-letter\"><input size=\"40\" class=\"wpcf7-form-control wpcf7-file wpcf7-validates-as-required\" accept=\"audio\/*,video\/*,image\/*\" aria-required=\"true\" aria-invalid=\"false\" type=\"file\" name=\"your-letter\" \/><\/span>\n\t\t<\/p>\n\t<\/div>\n\t<div class=\"col-12 pt-50\">\n\t\t<p><div class=\"cms-submit\"><button class=\"wpcf7-form-control wpcf7-submit btn btn-fill btn-accent btn-hover-primary btn-xxl btn-block w-100\" type=\"submit\"><span class=\"cms-btn-content justify-content-center\"><span class=\"wpcf7-submit-icon cms-btn-icon cmsi-arrow-right rtl-flip\"><\/span><span class=\"cms-btn-text\">Candidater<\/span><\/span><\/button><\/div>\n\t\t<\/p>\n\t<\/div>\n<\/div><div class=\"wpcf7-response-output\" aria-hidden=\"true\"><\/div><input type=\"hidden\" value=\"no\" id=\"cf7-calculator-enable\" ><input type=\"hidden\" value=\"2\" id=\"cf7-calculator-decimals\" ><input type=\"hidden\" value=\".\" id=\"cf7-calculator-separator\" ><input type=\"hidden\" value=\",\" id=\"cf7-calculator-thousand\" ><input type=\"hidden\" value=\"no\" id=\"cf7-calculator-right\" ><input type=\"hidden\" value=\"\" id=\"cf7-calculator-currency\" ><input type=\"hidden\" value=\"left\" id=\"cf7-calculator-currency_position\" >\r\n            <style type=\"text\/css\" >\r\n                .cf7-hide {\r\n                    display: none !important;\r\n                }\r\n                .cf7-calculated-name {\r\n                    width: 100%;\r\n                    display: inline-block;\r\n                }\r\n            <\/style>\n<input type=\"hidden\" name=\"trp-form-language\" value=\"en\"\/><\/form>\n<\/div>\n            <\/div>\r\n<\/div>\t\t\t\t<\/div>\n\t\t\t\t<\/div>\n\t\t            <\/div>\r\n        <\/div>\r\n        \t\t\t<\/div>\r\n\t\t<\/div>\r\n\t\t\t\t<div class=\"elementor-section elementor-top-section elementor-element elementor-element-812f74b elementor-section-boxed elementor-section-height-default elementor-section-height-default cms-remove-row-no cms-section-no-padding-no cms-boxed-bg-false cms-section-boxed-divider-false cms-overlay-gradient-bg-yes cms-overlay-gradient-mode-tb\" data-id=\"812f74b\" data-element_type=\"section\" data-e-type=\"section\">\r\n\t\t\t<div class=\"cms-overlay-gradient\"><\/div><div class=\"cms-section-boxed-bg\"><\/div><div class=\"cms-section-boxed-divider\"><\/div><div class=\"cms-elementor-section-remove\"><\/div><div class=\"cms-elementor-section-corner cms-elementor-section-corner-top\"><\/div><div class=\"cms-elementor-section-corner cms-elementor-section-corner-bottom\"><\/div>\t\t\t<div class=\"elementor-container elementor-column-gap-default\" >\r\n\t\t\t        <div class=\"elementor-column elementor-col-100 elementor-top-column elementor-element elementor-element-a52b008\" data-id=\"a52b008\" data-element_type=\"column\" data-e-type=\"column\">\r\n            <div class=\"elementor-widget-wrap\">\r\n                            <\/div>\r\n        <\/div>\r\n        \t\t\t<\/div>\r\n\t\t<\/div>\r\n\t\t\t\t<div class=\"elementor-section elementor-top-section elementor-element elementor-element-10897d9 elementor-section-boxed elementor-section-height-default elementor-section-height-default cms-remove-row-no cms-section-no-padding-no cms-boxed-bg-false cms-section-boxed-divider-false cms-overlay-gradient-bg-yes cms-overlay-gradient-mode-tb\" data-id=\"10897d9\" data-element_type=\"section\" data-e-type=\"section\">\r\n\t\t\t<div class=\"cms-overlay-gradient\"><\/div><div class=\"cms-section-boxed-bg\"><\/div><div class=\"cms-section-boxed-divider\"><\/div><div class=\"cms-elementor-section-remove\"><\/div><div class=\"cms-elementor-section-corner cms-elementor-section-corner-top\"><\/div><div class=\"cms-elementor-section-corner cms-elementor-section-corner-bottom\"><\/div>\t\t\t<div class=\"elementor-container elementor-column-gap-default\" >\r\n\t\t\t        <div class=\"elementor-column elementor-col-100 elementor-top-column elementor-element elementor-element-1dede5a\" data-id=\"1dede5a\" data-element_type=\"column\" data-e-type=\"column\">\r\n            <div class=\"elementor-widget-wrap elementor-element-populated\">\r\n                \t\t<div class=\"elementor-element elementor-element-c477d05 elementor-widget elementor-widget-spacer\" data-id=\"c477d05\" data-element_type=\"widget\" data-e-type=\"widget\" data-widget_type=\"spacer.default\">\n\t\t\t\t<div class=\"elementor-widget-container\">\n\t\t\t\t\t\t\t<div class=\"elementor-spacer\">\n\t\t\t<div class=\"elementor-spacer-inner\"><\/div>\n\t\t<\/div>\n\t\t\t\t\t\t<\/div>\n\t\t\t\t<\/div>\n\t\t            <\/div>\r\n        <\/div>\r\n        \t\t\t<\/div>\r\n\t\t<\/div>\r\n\t\t\t\t<\/div>","protected":false},"excerpt":{"rendered":"<p>Pour d\u00e9poser une candidature spontan\u00e9e, veuillez remplir le formulaire suivant :\u00a0 Formulaire de candidature Veuillez rentrer les informations ci-dessous: Nom Pr\u00e9nom Candidature pour: Email T\u00e9l Votre CV* Lettre de motivation Direction:FinanceMarketingSyst\u00e8mes d&#039;informationRecherche &amp; D\u00e9veloppementLogistique Candidater<\/p>","protected":false},"author":1,"featured_media":0,"parent":0,"menu_order":0,"comment_status":"closed","ping_status":"closed","template":"","meta":{"footnotes":""},"class_list":["post-4001","page","type-page","status-publish","hentry","cms-no-post-thumbnail"],"lang":"fr","translations":{"fr":4001,"en":5813},"_links":{"self":[{"href":"https:\/\/cooperpharma.ma\/en\/wp-json\/wp\/v2\/pages\/4001","targetHints":{"allow":["GET"]}}],"collection":[{"href":"https:\/\/cooperpharma.ma\/en\/wp-json\/wp\/v2\/pages"}],"about":[{"href":"https:\/\/cooperpharma.ma\/en\/wp-json\/wp\/v2\/types\/page"}],"author":[{"embeddable":true,"href":"https:\/\/cooperpharma.ma\/en\/wp-json\/wp\/v2\/users\/1"}],"replies":[{"embeddable":true,"href":"https:\/\/cooperpharma.ma\/en\/wp-json\/wp\/v2\/comments?post=4001"}],"version-history":[{"count":38,"href":"https:\/\/cooperpharma.ma\/en\/wp-json\/wp\/v2\/pages\/4001\/revisions"}],"predecessor-version":[{"id":5321,"href":"https:\/\/cooperpharma.ma\/en\/wp-json\/wp\/v2\/pages\/4001\/revisions\/5321"}],"wp:attachment":[{"href":"https:\/\/cooperpharma.ma\/en\/wp-json\/wp\/v2\/media?parent=4001"}],"curies":[{"name":"wp","href":"https:\/\/api.w.org\/{rel}","templated":true}]}}