{"id":4028,"date":"2023-04-17T18:33:52","date_gmt":"2023-04-17T16:33:52","guid":{"rendered":"https:\/\/cooperpharma.ma\/?page_id=4028"},"modified":"2024-03-06T18:07:58","modified_gmt":"2024-03-06T17:07:58","slug":"centres-de-distribution","status":"publish","type":"page","link":"https:\/\/cooperpharma.ma\/en\/centres-de-distribution\/","title":{"rendered":"Distribution Centers"},"content":{"rendered":"<div data-elementor-type=\"wp-page\" data-elementor-id=\"4028\" class=\"elementor elementor-4028\">\n\t\t\t\t\t\t<div class=\"elementor-section elementor-top-section elementor-element elementor-element-bfe9897 cms-overlay-gradient-heading pt-110 pt-xl-160 pb-30 elementor-section-boxed elementor-section-height-default elementor-section-height-default cms-remove-row-no cms-section-no-padding-no cms-boxed-bg-false cms-section-boxed-divider-false cms-overlay-gradient-bg-yes cms-overlay-gradient-mode-tb\" data-id=\"bfe9897\" data-element_type=\"section\" data-e-type=\"section\" data-settings=\"{&quot;background_background&quot;:&quot;classic&quot;}\">\r\n\t\t\t<div class=\"cms-overlay-gradient\"><\/div><div class=\"cms-section-boxed-bg\"><\/div><div class=\"cms-section-boxed-divider\"><\/div><div class=\"cms-elementor-section-remove\"><\/div><div class=\"cms-elementor-section-corner cms-elementor-section-corner-top\"><\/div><div class=\"cms-elementor-section-corner cms-elementor-section-corner-bottom\"><\/div>\t\t\t<div class=\"elementor-container elementor-column-gap-default\" >\r\n\t\t\t        <div class=\"elementor-column elementor-col-100 elementor-top-column elementor-element elementor-element-3dc48f1\" data-id=\"3dc48f1\" data-element_type=\"column\" data-e-type=\"column\">\r\n            <div class=\"elementor-widget-wrap elementor-element-populated\">\r\n                \t\t<div class=\"elementor-element elementor-element-70403a6 cms-heading-layout-2 elementor-widget__width-initial pb-30 elementor-widget-mobile__width-inherit elementor-widget-laptop__width-initial elementor-widget elementor-widget-cms_heading\" data-id=\"70403a6\" data-element_type=\"widget\" data-e-type=\"widget\" data-widget_type=\"cms_heading.default\">\n\t\t\t\t<div class=\"elementor-widget-container\">\n\t\t\t\t\t<div class=\"cms-heading-wrapper text-center  text-lg-center\">\r\n        <h3 class=\"cms-mainheading heading mt-n5 text-lg-37 text-xl-40 lh-1-375  text-white empty-none\">Au Maroc, Cooper Pharma dispose de 9 centres de distribution, r\u00e9partis dans plusieurs r\u00e9gions et r\u00e9pondant \u00e0 toutes les demandes de nos clients.<\/h3>\r\n    <div class=\"extra-space clearfix\"> <\/div>\r\n<\/div>\t\t\t\t<\/div>\n\t\t\t\t<\/div>\n\t\t\t\t<div class=\"elementor-element elementor-element-3280bd4 elementor-widget elementor-widget-image\" data-id=\"3280bd4\" data-element_type=\"widget\" data-e-type=\"widget\" data-widget_type=\"image.default\">\n\t\t\t\t<div class=\"elementor-widget-container\">\n\t\t\t\t\t\t\t\t\t\t\t\t\t\t\t<img fetchpriority=\"high\" decoding=\"async\" width=\"840\" height=\"562\" src=\"https:\/\/cooperpharma.ma\/wp-content\/uploads\/2024\/03\/grapohic-02-q67o80qptl4n9bjce173t6ryqeicdf1kpuk719w6ri-840x562.png\" class=\"attachment-large size-large wp-image-5596\" alt=\"\" srcset=\"https:\/\/cooperpharma.ma\/wp-content\/uploads\/2024\/03\/grapohic-02-q67o80qptl4n9bjce173t6ryqeicdf1kpuk719w6ri-840x562.png 840w, https:\/\/cooperpharma.ma\/wp-content\/uploads\/2024\/03\/grapohic-02-q67o80qptl4n9bjce173t6ryqeicdf1kpuk719w6ri-770x514.png 770w, https:\/\/cooperpharma.ma\/wp-content\/uploads\/2024\/03\/grapohic-02-q67o80qptl4n9bjce173t6ryqeicdf1kpuk719w6ri-18x12.png 18w\" sizes=\"(max-width: 840px) 100vw, 840px\" \/>\t\t\t\t\t\t\t\t\t\t\t\t\t\t\t<\/div>\n\t\t\t\t<\/div>\n\t\t            <\/div>\r\n        <\/div>\r\n        \t\t\t<\/div>\r\n\t\t<\/div>\r\n\t\t\t\t<div class=\"elementor-section elementor-top-section elementor-element elementor-element-4dcf930 elementor-section-boxed elementor-section-height-default elementor-section-height-default cms-remove-row-no cms-section-no-padding-no cms-boxed-bg-false cms-section-boxed-divider-false cms-overlay-gradient-bg-yes cms-overlay-gradient-mode-tb\" data-id=\"4dcf930\" data-element_type=\"section\" data-e-type=\"section\">\r\n\t\t\t<div class=\"cms-overlay-gradient\"><\/div><div class=\"cms-section-boxed-bg\"><\/div><div class=\"cms-section-boxed-divider\"><\/div><div class=\"cms-elementor-section-remove\"><\/div><div class=\"cms-elementor-section-corner cms-elementor-section-corner-top\"><\/div><div class=\"cms-elementor-section-corner cms-elementor-section-corner-bottom\"><\/div>\t\t\t<div class=\"elementor-container elementor-column-gap-default\" >\r\n\t\t\t        <div class=\"elementor-column elementor-col-100 elementor-top-column elementor-element elementor-element-1180ddd\" data-id=\"1180ddd\" data-element_type=\"column\" data-e-type=\"column\">\r\n            <div class=\"elementor-widget-wrap\">\r\n                            <\/div>\r\n        <\/div>\r\n        \t\t\t<\/div>\r\n\t\t<\/div>\r\n\t\t\t\t<div class=\"elementor-section elementor-top-section elementor-element elementor-element-6851c36 elementor-section-boxed elementor-section-height-default elementor-section-height-default cms-remove-row-no cms-section-no-padding-no cms-boxed-bg-false cms-section-boxed-divider-false cms-overlay-gradient-bg-yes cms-overlay-gradient-mode-tb\" data-id=\"6851c36\" data-element_type=\"section\" data-e-type=\"section\">\r\n\t\t\t<div class=\"cms-overlay-gradient\"><\/div><div class=\"cms-section-boxed-bg\"><\/div><div class=\"cms-section-boxed-divider\"><\/div><div class=\"cms-elementor-section-remove\"><\/div><div class=\"cms-elementor-section-corner cms-elementor-section-corner-top\"><\/div><div class=\"cms-elementor-section-corner cms-elementor-section-corner-bottom\"><\/div>\t\t\t<div class=\"elementor-container elementor-column-gap-default\" >\r\n\t\t\t        <div class=\"elementor-column elementor-col-100 elementor-top-column elementor-element elementor-element-c2692bd\" data-id=\"c2692bd\" data-element_type=\"column\" data-e-type=\"column\">\r\n            <div class=\"elementor-widget-wrap elementor-element-populated\">\r\n                \t\t<div class=\"elementor-element elementor-element-b1d71a9 cms-swiper-arrows-false cms-img-hoverzoom-out cms-clients cms-clients-layout-1 cms-sliders-full-no cms-swiper-arrows-icon-default cms-swiper-nav-in-vertical cms-swiper-nav-size-default cms-swiper-nav-shape-default cms-swiper-nav-outline-no cms-swiper-dots-true cms-swiper-dots-out elementor-widget elementor-widget-cms_clients\" data-id=\"b1d71a9\" data-element_type=\"widget\" data-e-type=\"widget\" data-widget_type=\"cms_clients.default\">\n\t\t\t\t<div class=\"elementor-widget-container\">\n\t\t\t\t\t<div class=\"cms-client-slider cms-swiper-sliders\">\r\n    <div class=\"cms-swiper-slider-wrap\">\r\n        <div class=\"cms-swiper-container no-shadow\" dir=\"ltr\" data-settings=\"{&quot;slide_direction&quot;:&quot;horizontal&quot;,&quot;slide_percolumn&quot;:1,&quot;slide_percolumnfill&quot;:&quot;column&quot;,&quot;slide_mode&quot;:&quot;slide&quot;,&quot;slides_to_show&quot;:3,&quot;slides_to_show_widescreen&quot;:3,&quot;slides_to_show_laptop&quot;:3,&quot;slides_to_show_tablet_extra&quot;:3,&quot;slides_to_show_tablet&quot;:2,&quot;slides_to_show_mobile_extra&quot;:2,&quot;slides_to_show_mobile&quot;:1,&quot;slides_to_scroll&quot;:3,&quot;slides_to_scroll_widescreen&quot;:3,&quot;slides_to_scroll_laptop&quot;:3,&quot;slides_to_scroll_tablet&quot;:2,&quot;slides_to_scroll_tablet_extra&quot;:3,&quot;slides_to_scroll_mobile&quot;:1,&quot;slides_to_scroll_mobile_extra&quot;:2,&quot;slides_gutter&quot;:40,&quot;arrow&quot;:&quot;false&quot;,&quot;arrow_tablet&quot;:&quot;false&quot;,&quot;arrow_mobile&quot;:&quot;false&quot;,&quot;dots&quot;:&quot;true&quot;,&quot;dots_tablet&quot;:&quot;true&quot;,&quot;dots_mobile&quot;:&quot;true&quot;,&quot;dots_style&quot;:&quot;divider&quot;,&quot;autoplay&quot;:&quot;false&quot;,&quot;pause_on_hover&quot;:&quot;true&quot;,&quot;pause_on_interaction&quot;:&quot;true&quot;,&quot;delay&quot;:5000,&quot;loop&quot;:&quot;false&quot;,&quot;speed&quot;:300}\">\r\n                        <div class=\"cms-swiper-wrapper swiper-wrapper align-items-center\">\r\n                                    <div class=\"cms-client-item cms-swiper-slide swiper-slide\">\r\n                        <a href=\"#\" target=\"_blank\" class=\"d-block text-center\">\r\n                            <img decoding=\"async\" width=\"570\" height=\"570\" src=\"https:\/\/cooperpharma.ma\/wp-content\/uploads\/2023\/05\/Medicaments_generiques-570x570.jpg\" class=\"cms-radius-20 cms-img\" alt=\"\" srcset=\"https:\/\/cooperpharma.ma\/wp-content\/uploads\/2023\/05\/Medicaments_generiques-570x570.jpg 570w, https:\/\/cooperpharma.ma\/wp-content\/uploads\/2023\/05\/Medicaments_generiques-80x80.jpg 80w, https:\/\/cooperpharma.ma\/wp-content\/uploads\/2023\/05\/Medicaments_generiques-300x300.jpg 300w, https:\/\/cooperpharma.ma\/wp-content\/uploads\/2023\/05\/Medicaments_generiques-100x100.jpg 100w\" sizes=\"(max-width: 570px) 100vw, 570px\" \/>                        <\/a>\r\n                    <\/div>\r\n                                    <div class=\"cms-client-item cms-swiper-slide swiper-slide\">\r\n                        <a href=\"#\" target=\"_blank\" class=\"d-block text-center\">\r\n                            <img decoding=\"async\" width=\"570\" height=\"570\" src=\"https:\/\/cooperpharma.ma\/wp-content\/uploads\/2023\/04\/medicaments4-570x570.jpeg\" class=\"cms-radius-20 cms-img\" alt=\"\" srcset=\"https:\/\/cooperpharma.ma\/wp-content\/uploads\/2023\/04\/medicaments4-570x570.jpeg 570w, https:\/\/cooperpharma.ma\/wp-content\/uploads\/2023\/04\/medicaments4-80x80.jpeg 80w, https:\/\/cooperpharma.ma\/wp-content\/uploads\/2023\/04\/medicaments4-300x300.jpeg 300w, https:\/\/cooperpharma.ma\/wp-content\/uploads\/2023\/04\/medicaments4-100x100.jpeg 100w\" sizes=\"(max-width: 570px) 100vw, 570px\" \/>                        <\/a>\r\n                    <\/div>\r\n                                    <div class=\"cms-client-item cms-swiper-slide swiper-slide\">\r\n                        <a href=\"#\" target=\"_blank\" class=\"d-block text-center\">\r\n                            <img loading=\"lazy\" decoding=\"async\" width=\"570\" height=\"570\" src=\"https:\/\/cooperpharma.ma\/wp-content\/uploads\/2023\/04\/Medicaments3-570x570.jpeg\" class=\"cms-radius-20 cms-img\" alt=\"\" srcset=\"https:\/\/cooperpharma.ma\/wp-content\/uploads\/2023\/04\/Medicaments3-570x570.jpeg 570w, https:\/\/cooperpharma.ma\/wp-content\/uploads\/2023\/04\/Medicaments3-80x80.jpeg 80w, https:\/\/cooperpharma.ma\/wp-content\/uploads\/2023\/04\/Medicaments3-300x300.jpeg 300w, https:\/\/cooperpharma.ma\/wp-content\/uploads\/2023\/04\/Medicaments3-100x100.jpeg 100w\" sizes=\"(max-width: 570px) 100vw, 570px\" \/>                        <\/a>\r\n                    <\/div>\r\n                                    <div class=\"cms-client-item cms-swiper-slide swiper-slide\">\r\n                        <a href=\"#\" target=\"_blank\" class=\"d-block text-center\">\r\n                            <img loading=\"lazy\" decoding=\"async\" width=\"570\" height=\"442\" src=\"https:\/\/cooperpharma.ma\/wp-content\/uploads\/2022\/04\/FM6-Environnement_3-570x442.jpg\" class=\"cms-radius-20 cms-img\" alt=\"\" \/>                        <\/a>\r\n                    <\/div>\r\n                                    <div class=\"cms-client-item cms-swiper-slide swiper-slide\">\r\n                        <a href=\"#\" target=\"_blank\" class=\"d-block text-center\">\r\n                            <img loading=\"lazy\" decoding=\"async\" width=\"570\" height=\"484\" src=\"https:\/\/cooperpharma.ma\/wp-content\/uploads\/2022\/04\/FM6-Environnement_2-570x484.jpg\" class=\"cms-radius-20 cms-img\" alt=\"\" \/>                        <\/a>\r\n                    <\/div>\r\n                                    <div class=\"cms-client-item cms-swiper-slide swiper-slide\">\r\n                        <a href=\"#\" target=\"_blank\" class=\"d-block text-center\">\r\n                            <img loading=\"lazy\" decoding=\"async\" width=\"570\" height=\"479\" src=\"https:\/\/cooperpharma.ma\/wp-content\/uploads\/2022\/04\/FM6-Environnement_1-570x479.jpg\" class=\"cms-radius-20 cms-img\" alt=\"\" srcset=\"https:\/\/cooperpharma.ma\/wp-content\/uploads\/2022\/04\/FM6-Environnement_1-570x479.jpg 570w, https:\/\/cooperpharma.ma\/wp-content\/uploads\/2022\/04\/FM6-Environnement_1-16x12.jpg 16w\" sizes=\"(max-width: 570px) 100vw, 570px\" \/>                        <\/a>\r\n                    <\/div>\r\n                            <\/div>\r\n                        <div class=\"cms-swiper-dots cms-swiper-dots-color- cms-swiper-dots-color-hover- cms-swiper-dots-divider cms-swiper-dots-align-  empty-none\"><\/div>\r\n                    <div class=\"cms-swiper-arrow cmsi-icon cms-swiper-arrow-prev\"><\/div>\r\n            <div class=\"cms-swiper-arrow cmsi-icon cms-swiper-arrow-next\"><\/div>\r\n                <\/div>\r\n    <\/div>\r\n<\/div>\t\t\t\t<\/div>\n\t\t\t\t<\/div>\n\t\t            <\/div>\r\n        <\/div>\r\n        \t\t\t<\/div>\r\n\t\t<\/div>\r\n\t\t\t\t<\/div>","protected":false},"excerpt":{"rendered":"<p>Au Maroc, Cooper Pharma dispose de 9 centres de distribution, r\u00e9partis dans plusieurs r\u00e9gions et r\u00e9pondant \u00e0 toutes les demandes de nos clients.<\/p>","protected":false},"author":1,"featured_media":0,"parent":0,"menu_order":0,"comment_status":"closed","ping_status":"closed","template":"","meta":{"footnotes":""},"class_list":["post-4028","page","type-page","status-publish","hentry","cms-no-post-thumbnail"],"lang":"fr","translations":{"fr":4028,"en":5790},"_links":{"self":[{"href":"https:\/\/cooperpharma.ma\/en\/wp-json\/wp\/v2\/pages\/4028","targetHints":{"allow":["GET"]}}],"collection":[{"href":"https:\/\/cooperpharma.ma\/en\/wp-json\/wp\/v2\/pages"}],"about":[{"href":"https:\/\/cooperpharma.ma\/en\/wp-json\/wp\/v2\/types\/page"}],"author":[{"embeddable":true,"href":"https:\/\/cooperpharma.ma\/en\/wp-json\/wp\/v2\/users\/1"}],"replies":[{"embeddable":true,"href":"https:\/\/cooperpharma.ma\/en\/wp-json\/wp\/v2\/comments?post=4028"}],"version-history":[{"count":35,"href":"https:\/\/cooperpharma.ma\/en\/wp-json\/wp\/v2\/pages\/4028\/revisions"}],"predecessor-version":[{"id":5999,"href":"https:\/\/cooperpharma.ma\/en\/wp-json\/wp\/v2\/pages\/4028\/revisions\/5999"}],"wp:attachment":[{"href":"https:\/\/cooperpharma.ma\/en\/wp-json\/wp\/v2\/media?parent=4028"}],"curies":[{"name":"wp","href":"https:\/\/api.w.org\/{rel}","templated":true}]}}