{"id":4627,"date":"2023-05-04T17:01:52","date_gmt":"2023-05-04T15:01:52","guid":{"rendered":"https:\/\/cooperpharma.ma\/?page_id=4627"},"modified":"2024-03-19T17:31:36","modified_gmt":"2024-03-19T16:31:36","slug":"pharmacovigilance","status":"publish","type":"page","link":"https:\/\/cooperpharma.ma\/en\/pharmacovigilance\/","title":{"rendered":"Pharmacovigilance"},"content":{"rendered":"<div data-elementor-type=\"wp-page\" data-elementor-id=\"4627\" class=\"elementor elementor-4627\">\n\t\t\t\t\t\t<div class=\"elementor-section elementor-top-section elementor-element elementor-element-1e53594 elementor-section-boxed elementor-section-height-default elementor-section-height-default cms-remove-row-no cms-section-no-padding-no cms-boxed-bg-false cms-section-boxed-divider-false cms-overlay-gradient-bg-yes cms-overlay-gradient-mode-tb\" data-id=\"1e53594\" data-element_type=\"section\" data-e-type=\"section\">\r\n\t\t\t<div class=\"cms-overlay-gradient\"><\/div><div class=\"cms-section-boxed-bg\"><\/div><div class=\"cms-section-boxed-divider\"><\/div><div class=\"cms-elementor-section-remove\"><\/div><div class=\"cms-elementor-section-corner cms-elementor-section-corner-top\"><\/div><div class=\"cms-elementor-section-corner cms-elementor-section-corner-bottom\"><\/div>\t\t\t<div class=\"elementor-container elementor-column-gap-default\" >\r\n\t\t\t        <div class=\"elementor-column elementor-col-100 elementor-top-column elementor-element elementor-element-af63467\" data-id=\"af63467\" data-element_type=\"column\" data-e-type=\"column\">\r\n            <div class=\"elementor-widget-wrap elementor-element-populated\">\r\n                \t\t<div class=\"elementor-element elementor-element-3e131ce elementor-widget elementor-widget-heading\" data-id=\"3e131ce\" data-element_type=\"widget\" data-e-type=\"widget\" data-widget_type=\"heading.default\">\n\t\t\t\t<div class=\"elementor-widget-container\">\n\t\t\t\t\t<h3 class=\"elementor-heading-title elementor-size-default\">La  pharmacovigilance : Notre responsabilit\u00e9 \u00e0 tous ! <\/h3>\t\t\t\t<\/div>\n\t\t\t\t<\/div>\n\t\t\t\t<div class=\"elementor-element elementor-element-542b75e elementor-widget elementor-widget-text-editor\" data-id=\"542b75e\" data-element_type=\"widget\" data-e-type=\"widget\" data-widget_type=\"text-editor.default\">\n\t\t\t\t<div class=\"elementor-widget-container\">\n\t\t\t\t\t\t\t\t\t<p><strong>La Pharmacovigilance est une sp\u00e9cialit\u00e9 visant la d\u00e9tection, l\u2019\u00e9valuation, la compr\u00e9hension et la <\/strong><strong>pr\u00e9vention des effets Ind\u00e9sirables et de tout probl\u00e8me li\u00e9 \u00e0 l\u2019utilisation des m\u00e9dicaments.\u00a0<\/strong><strong>Elle joue un r\u00f4le primordial dans la protection des patients et de la sant\u00e9 publique.<\/strong><\/p><p><strong>Les risques m\u00e9dicamenteux ne pouvant \u00eatre totalement identifi\u00e9s lors des essais cliniques pr\u00e9- AMM <\/strong><strong>(Autorisation de Mise sur le March\u00e9) ; les m\u00e9dicaments doivent par cons\u00e9quent \u00eatre surveill\u00e9s apr\u00e8s <\/strong><strong>leur commercialisation : C\u2019est l\u00e0 le r\u00f4le important de la Pharmacovigilance.<\/strong><\/p><p><strong>\u00c0 Cooper Pharma, la Pharmacovigilance s\u2019inscrit parfaitement dans les valeurs du Groupe. En tant <\/strong><strong>qu\u2019entreprise Transparente, Engag\u00e9e et Citoyenne, Cooper Pharma a logiquement fait de la s\u00e9curit\u00e9 <\/strong><strong>des patients l\u2019une de ses principales priorit\u00e9s.<\/strong><\/p>\t\t\t\t\t\t\t\t<\/div>\n\t\t\t\t<\/div>\n\t\t            <\/div>\r\n        <\/div>\r\n        \t\t\t<\/div>\r\n\t\t<\/div>\r\n\t\t\t\t<\/div>","protected":false},"excerpt":{"rendered":"<p>La pharmacovigilance : Notre responsabilit\u00e9 \u00e0 tous ! La Pharmacovigilance est une sp\u00e9cialit\u00e9 visant la d\u00e9tection, l\u2019\u00e9valuation, la compr\u00e9hension et la pr\u00e9vention des effets Ind\u00e9sirables et de tout probl\u00e8me li\u00e9 \u00e0 l\u2019utilisation des m\u00e9dicaments.\u00a0Elle joue un r\u00f4le primordial dans la protection des patients et de la sant\u00e9 publique. Les risques m\u00e9dicamenteux ne pouvant \u00eatre totalement identifi\u00e9s lors des essais cliniques pr\u00e9- AMM (Autorisation de Mise sur le March\u00e9) ; les m\u00e9dicaments doivent par cons\u00e9quent \u00eatre surveill\u00e9s apr\u00e8s leur commercialisation : C\u2019est l\u00e0 le r\u00f4le important de la Pharmacovigilance. \u00c0 Cooper Pharma, la Pharmacovigilance s\u2019inscrit parfaitement dans les valeurs du Groupe. En tant qu\u2019entreprise Transparente, Engag\u00e9e et Citoyenne, Cooper Pharma a logiquement fait de la s\u00e9curit\u00e9 des patients l\u2019une de ses principales priorit\u00e9s.<\/p>","protected":false},"author":1,"featured_media":0,"parent":0,"menu_order":0,"comment_status":"closed","ping_status":"closed","template":"","meta":{"footnotes":""},"class_list":["post-4627","page","type-page","status-publish","hentry","cms-no-post-thumbnail"],"lang":"fr","translations":{"fr":4627,"en":5825},"_links":{"self":[{"href":"https:\/\/cooperpharma.ma\/en\/wp-json\/wp\/v2\/pages\/4627","targetHints":{"allow":["GET"]}}],"collection":[{"href":"https:\/\/cooperpharma.ma\/en\/wp-json\/wp\/v2\/pages"}],"about":[{"href":"https:\/\/cooperpharma.ma\/en\/wp-json\/wp\/v2\/types\/page"}],"author":[{"embeddable":true,"href":"https:\/\/cooperpharma.ma\/en\/wp-json\/wp\/v2\/users\/1"}],"replies":[{"embeddable":true,"href":"https:\/\/cooperpharma.ma\/en\/wp-json\/wp\/v2\/comments?post=4627"}],"version-history":[{"count":7,"href":"https:\/\/cooperpharma.ma\/en\/wp-json\/wp\/v2\/pages\/4627\/revisions"}],"predecessor-version":[{"id":5689,"href":"https:\/\/cooperpharma.ma\/en\/wp-json\/wp\/v2\/pages\/4627\/revisions\/5689"}],"wp:attachment":[{"href":"https:\/\/cooperpharma.ma\/en\/wp-json\/wp\/v2\/media?parent=4627"}],"curies":[{"name":"wp","href":"https:\/\/api.w.org\/{rel}","templated":true}]}}