{"id":5389,"date":"2023-11-29T17:35:57","date_gmt":"2023-11-29T16:35:57","guid":{"rendered":"https:\/\/cooperpharma.ma\/?page_id=5389"},"modified":"2024-05-31T11:23:40","modified_gmt":"2024-05-31T09:23:40","slug":"mot-du-ceo","status":"publish","type":"page","link":"https:\/\/cooperpharma.ma\/en\/mot-du-ceo\/","title":{"rendered":"Message from our CEO"},"content":{"rendered":"<div data-elementor-type=\"wp-page\" data-elementor-id=\"5389\" class=\"elementor elementor-5389\">\n\t\t\t\t\t\t<div class=\"elementor-section elementor-top-section elementor-element elementor-element-55467c6 elementor-section-boxed elementor-section-height-default elementor-section-height-default cms-remove-row-no cms-section-no-padding-no cms-boxed-bg-false cms-section-boxed-divider-false cms-overlay-gradient-bg-yes cms-overlay-gradient-mode-tb\" data-id=\"55467c6\" data-element_type=\"section\" data-e-type=\"section\">\r\n\t\t\t<div class=\"cms-overlay-gradient\"><\/div><div class=\"cms-section-boxed-bg\"><\/div><div class=\"cms-section-boxed-divider\"><\/div><div class=\"cms-elementor-section-remove\"><\/div><div class=\"cms-elementor-section-corner cms-elementor-section-corner-top\"><\/div><div class=\"cms-elementor-section-corner cms-elementor-section-corner-bottom\"><\/div>\t\t\t<div class=\"elementor-container elementor-column-gap-default\" >\r\n\t\t\t        <div class=\"elementor-column elementor-col-100 elementor-top-column elementor-element elementor-element-e178ba4\" data-id=\"e178ba4\" data-element_type=\"column\" data-e-type=\"column\">\r\n            <div class=\"elementor-widget-wrap\">\r\n                            <\/div>\r\n        <\/div>\r\n        \t\t\t<\/div>\r\n\t\t<\/div>\r\n\t\t\t\t<div class=\"elementor-section elementor-top-section elementor-element elementor-element-15637f2 elementor-section-boxed elementor-section-height-default elementor-section-height-default cms-remove-row-no cms-section-no-padding-no cms-boxed-bg-false cms-section-boxed-divider-false cms-overlay-gradient-bg-yes cms-overlay-gradient-mode-tb\" data-id=\"15637f2\" data-element_type=\"section\" data-e-type=\"section\">\r\n\t\t\t<div class=\"cms-overlay-gradient\"><\/div><div class=\"cms-section-boxed-bg\"><\/div><div class=\"cms-section-boxed-divider\"><\/div><div class=\"cms-elementor-section-remove\"><\/div><div class=\"cms-elementor-section-corner cms-elementor-section-corner-top\"><\/div><div class=\"cms-elementor-section-corner cms-elementor-section-corner-bottom\"><\/div>\t\t\t<div class=\"elementor-container elementor-column-gap-default\" >\r\n\t\t\t        <div class=\"elementor-column elementor-col-50 elementor-top-column elementor-element elementor-element-213beaf\" data-id=\"213beaf\" data-element_type=\"column\" data-e-type=\"column\">\r\n            <div class=\"elementor-widget-wrap elementor-element-populated\">\r\n                \t\t<div class=\"elementor-element elementor-element-85c98e9 elementor-widget-laptop__width-initial ikm elementor-widget elementor-widget-image\" data-id=\"85c98e9\" data-element_type=\"widget\" data-e-type=\"widget\" data-widget_type=\"image.default\">\n\t\t\t\t<div class=\"elementor-widget-container\">\n\t\t\t\t\t\t\t\t\t\t\t\t\t\t\t<img fetchpriority=\"high\" decoding=\"async\" width=\"540\" height=\"540\" src=\"https:\/\/cooperpharma.ma\/wp-content\/uploads\/2024\/05\/Image-1.png\" class=\"attachment-full size-full wp-image-6056\" alt=\"\" srcset=\"https:\/\/cooperpharma.ma\/wp-content\/uploads\/2024\/05\/Image-1.png 540w, https:\/\/cooperpharma.ma\/wp-content\/uploads\/2024\/05\/Image-1-80x80.png 80w, https:\/\/cooperpharma.ma\/wp-content\/uploads\/2024\/05\/Image-1-12x12.png 12w\" sizes=\"(max-width: 540px) 100vw, 540px\" \/>\t\t\t\t\t\t\t\t\t\t\t\t\t\t\t<\/div>\n\t\t\t\t<\/div>\n\t\t            <\/div>\r\n        <\/div>\r\n                <div class=\"elementor-column elementor-col-50 elementor-top-column elementor-element elementor-element-6200c28\" data-id=\"6200c28\" data-element_type=\"column\" data-e-type=\"column\">\r\n            <div class=\"elementor-widget-wrap elementor-element-populated\">\r\n                \t\t<div class=\"elementor-element elementor-element-ffb4608 elementor-widget elementor-widget-heading\" data-id=\"ffb4608\" data-element_type=\"widget\" data-e-type=\"widget\" data-widget_type=\"heading.default\">\n\t\t\t\t<div class=\"elementor-widget-container\">\n\t\t\t\t\t<h2 class=\"elementor-heading-title elementor-size-default\"><span style=\"font-size: 16px;text-align: center\">MOT DU CEO<\/span><\/h2>\t\t\t\t<\/div>\n\t\t\t\t<\/div>\n\t\t\t\t<div class=\"elementor-element elementor-element-52cc858 elementor-widget elementor-widget-heading\" data-id=\"52cc858\" data-element_type=\"widget\" data-e-type=\"widget\" data-widget_type=\"heading.default\">\n\t\t\t\t<div class=\"elementor-widget-container\">\n\t\t\t\t\t<h2 class=\"elementor-heading-title elementor-size-default\">Mr Ayman Cheikh Lahlou\n\n<\/h2>\t\t\t\t<\/div>\n\t\t\t\t<\/div>\n\t\t\t\t<div class=\"elementor-element elementor-element-6bcc134 elementor-widget elementor-widget-spacer\" data-id=\"6bcc134\" data-element_type=\"widget\" data-e-type=\"widget\" data-widget_type=\"spacer.default\">\n\t\t\t\t<div class=\"elementor-widget-container\">\n\t\t\t\t\t\t\t<div class=\"elementor-spacer\">\n\t\t\t<div class=\"elementor-spacer-inner\"><\/div>\n\t\t<\/div>\n\t\t\t\t\t\t<\/div>\n\t\t\t\t<\/div>\n\t\t\t\t<div class=\"elementor-element elementor-element-4b38246 elementor-widget elementor-widget-text-editor\" data-id=\"4b38246\" data-element_type=\"widget\" data-e-type=\"widget\" data-widget_type=\"text-editor.default\">\n\t\t\t\t<div class=\"elementor-widget-container\">\n\t\t\t\t\t\t\t\t\t<strong>Notre cr\u00e9do \u00ab\u00a0Votre sant\u00e9 avant tout\u00a0\u00bb incarne ce que nous sommes, une entreprise enti\u00e8rement tourn\u00e9e vers l\u2019am\u00e9lioration de la sant\u00e9 de nos patients.<\/strong>\n<\/br><\/br>\n<strong>Cooper Pharma est une entreprise pharmaceutique marocaine, leader de son march\u00e9<\/strong> qui a su se d\u00e9velopper depuis plusieurs d\u00e9cennies autour de sp\u00e9cialit\u00e9s pharmaceutiques efficaces et reconnues.\n<\/br><\/br>\nNotre portefeuille produit inclut aussi bien des produits g\u00e9n\u00e9riques que des produits innovants que nous fabriquons ou distribuons pour nos partenaires sur notre r\u00e9gion.\n\nToujours orient\u00e9s Qualit\u00e9 et Compliance, nous \u0153uvrons en permanence pour la sant\u00e9 de nos patients, la satisfaction de nos partenaires et le respect de notre environnement tant au Maroc que dans notre r\u00e9gion.\n<\/br><\/br>\nAu sein d\u2019\u00e9quipes qui valorisent la rigueur, le pragmatisme et la responsabilisation, nous construisons chaque jour l\u2019avenir et le d\u00e9veloppement de Cooper Pharma.\n<\/br><\/br>\n<span style=\"color: rgb(33, 205, 173); font-size: 20px; text-align: center; white-space-collapse: collapse; background-color: rgb(239, 251, 255);\">Votre sant\u00e9 avant tout.<\/span>\t\t\t\t\t\t\t\t<\/div>\n\t\t\t\t<\/div>\n\t\t            <\/div>\r\n        <\/div>\r\n        \t\t\t<\/div>\r\n\t\t<\/div>\r\n\t\t\t\t<div class=\"elementor-section elementor-top-section elementor-element elementor-element-8e83fd2 elementor-section-boxed elementor-section-height-default elementor-section-height-default cms-remove-row-no cms-section-no-padding-no cms-boxed-bg-false cms-section-boxed-divider-false cms-overlay-gradient-bg-yes cms-overlay-gradient-mode-tb\" data-id=\"8e83fd2\" data-element_type=\"section\" data-e-type=\"section\">\r\n\t\t\t<div class=\"cms-overlay-gradient\"><\/div><div class=\"cms-section-boxed-bg\"><\/div><div class=\"cms-section-boxed-divider\"><\/div><div class=\"cms-elementor-section-remove\"><\/div><div class=\"cms-elementor-section-corner cms-elementor-section-corner-top\"><\/div><div class=\"cms-elementor-section-corner cms-elementor-section-corner-bottom\"><\/div>\t\t\t<div class=\"elementor-container elementor-column-gap-default\" >\r\n\t\t\t        <div class=\"elementor-column elementor-col-100 elementor-top-column elementor-element elementor-element-ef214fb\" data-id=\"ef214fb\" data-element_type=\"column\" data-e-type=\"column\">\r\n            <div class=\"elementor-widget-wrap elementor-element-populated\">\r\n                \t\t<div class=\"elementor-element elementor-element-fb8602c elementor-widget elementor-widget-spacer\" data-id=\"fb8602c\" data-element_type=\"widget\" data-e-type=\"widget\" data-widget_type=\"spacer.default\">\n\t\t\t\t<div class=\"elementor-widget-container\">\n\t\t\t\t\t\t\t<div class=\"elementor-spacer\">\n\t\t\t<div class=\"elementor-spacer-inner\"><\/div>\n\t\t<\/div>\n\t\t\t\t\t\t<\/div>\n\t\t\t\t<\/div>\n\t\t            <\/div>\r\n        <\/div>\r\n        \t\t\t<\/div>\r\n\t\t<\/div>\r\n\t\t\t\t<\/div>","protected":false},"excerpt":{"rendered":"<p>MOT DU CEO Mr Ayman Cheikh Lahlou Notre cr\u00e9do \u00ab\u00a0Votre sant\u00e9 avant tout\u00a0\u00bb incarne ce que nous sommes, une entreprise enti\u00e8rement tourn\u00e9e vers l\u2019am\u00e9lioration de la sant\u00e9 de nos patients. Cooper Pharma est une entreprise pharmaceutique marocaine, leader de son march\u00e9 qui a su se d\u00e9velopper depuis plusieurs d\u00e9cennies autour de sp\u00e9cialit\u00e9s pharmaceutiques efficaces et reconnues. Notre portefeuille produit inclut aussi bien des produits g\u00e9n\u00e9riques que des produits innovants que nous fabriquons ou distribuons pour nos partenaires sur notre r\u00e9gion. Toujours orient\u00e9s Qualit\u00e9 et Compliance, nous \u0153uvrons en permanence pour la sant\u00e9 de nos patients, la satisfaction de nos partenaires et le respect de notre environnement tant au Maroc que dans notre r\u00e9gion. Au sein d\u2019\u00e9quipes qui valorisent la rigueur, le pragmatisme et la responsabilisation, nous construisons chaque jour l\u2019avenir et le d\u00e9veloppement de Cooper Pharma. Votre sant\u00e9 avant tout.<\/p>","protected":false},"author":1,"featured_media":0,"parent":0,"menu_order":0,"comment_status":"closed","ping_status":"closed","template":"","meta":{"footnotes":""},"class_list":["post-5389","page","type-page","status-publish","hentry","cms-no-post-thumbnail"],"lang":"fr","translations":{"fr":5389,"en":5726},"_links":{"self":[{"href":"https:\/\/cooperpharma.ma\/en\/wp-json\/wp\/v2\/pages\/5389","targetHints":{"allow":["GET"]}}],"collection":[{"href":"https:\/\/cooperpharma.ma\/en\/wp-json\/wp\/v2\/pages"}],"about":[{"href":"https:\/\/cooperpharma.ma\/en\/wp-json\/wp\/v2\/types\/page"}],"author":[{"embeddable":true,"href":"https:\/\/cooperpharma.ma\/en\/wp-json\/wp\/v2\/users\/1"}],"replies":[{"embeddable":true,"href":"https:\/\/cooperpharma.ma\/en\/wp-json\/wp\/v2\/comments?post=5389"}],"version-history":[{"count":49,"href":"https:\/\/cooperpharma.ma\/en\/wp-json\/wp\/v2\/pages\/5389\/revisions"}],"predecessor-version":[{"id":6059,"href":"https:\/\/cooperpharma.ma\/en\/wp-json\/wp\/v2\/pages\/5389\/revisions\/6059"}],"wp:attachment":[{"href":"https:\/\/cooperpharma.ma\/en\/wp-json\/wp\/v2\/media?parent=5389"}],"curies":[{"name":"wp","href":"https:\/\/api.w.org\/{rel}","templated":true}]}}