{"id":5423,"date":"2023-11-30T11:56:16","date_gmt":"2023-11-30T10:56:16","guid":{"rendered":"https:\/\/cooperpharma.ma\/?page_id=5423"},"modified":"2024-03-19T17:33:45","modified_gmt":"2024-03-19T16:33:45","slug":"partenariats-et-licences","status":"publish","type":"page","link":"https:\/\/cooperpharma.ma\/en\/partenariats-et-licences\/","title":{"rendered":"Partnerships &amp; Licencing"},"content":{"rendered":"<div data-elementor-type=\"wp-page\" data-elementor-id=\"5423\" class=\"elementor elementor-5423\">\n\t\t\t\t\t\t<div class=\"elementor-section elementor-top-section elementor-element elementor-element-9ff2bba elementor-section-boxed elementor-section-height-default elementor-section-height-default cms-remove-row-no cms-section-no-padding-no cms-boxed-bg-false cms-section-boxed-divider-false cms-overlay-gradient-bg-yes cms-overlay-gradient-mode-tb\" data-id=\"9ff2bba\" data-element_type=\"section\" data-e-type=\"section\">\r\n\t\t\t<div class=\"cms-overlay-gradient\"><\/div><div class=\"cms-section-boxed-bg\"><\/div><div class=\"cms-section-boxed-divider\"><\/div><div class=\"cms-elementor-section-remove\"><\/div><div class=\"cms-elementor-section-corner cms-elementor-section-corner-top\"><\/div><div class=\"cms-elementor-section-corner cms-elementor-section-corner-bottom\"><\/div>\t\t\t<div class=\"elementor-container elementor-column-gap-default\" >\r\n\t\t\t        <div class=\"elementor-column elementor-col-100 elementor-top-column elementor-element elementor-element-95b73ed\" data-id=\"95b73ed\" data-element_type=\"column\" data-e-type=\"column\">\r\n            <div class=\"elementor-widget-wrap elementor-element-populated\">\r\n                \t\t<div class=\"elementor-element elementor-element-0f208cd elementor-widget elementor-widget-heading\" data-id=\"0f208cd\" data-element_type=\"widget\" data-e-type=\"widget\" data-widget_type=\"heading.default\">\n\t\t\t\t<div class=\"elementor-widget-container\">\n\t\t\t\t\t<h2 class=\"elementor-heading-title elementor-size-default\"><span style=\"font-size: 16px;text-align: center\">Cooper Pharma<\/span><\/h2>\t\t\t\t<\/div>\n\t\t\t\t<\/div>\n\t\t            <\/div>\r\n        <\/div>\r\n        \t\t\t<\/div>\r\n\t\t<\/div>\r\n\t\t\t\t<div class=\"elementor-section elementor-top-section elementor-element elementor-element-fc9cc54 elementor-section-boxed elementor-section-height-default elementor-section-height-default cms-remove-row-no cms-section-no-padding-no cms-boxed-bg-false cms-section-boxed-divider-false cms-overlay-gradient-bg-yes cms-overlay-gradient-mode-tb\" data-id=\"fc9cc54\" data-element_type=\"section\" data-e-type=\"section\">\r\n\t\t\t<div class=\"cms-overlay-gradient\"><\/div><div class=\"cms-section-boxed-bg\"><\/div><div class=\"cms-section-boxed-divider\"><\/div><div class=\"cms-elementor-section-remove\"><\/div><div class=\"cms-elementor-section-corner cms-elementor-section-corner-top\"><\/div><div class=\"cms-elementor-section-corner cms-elementor-section-corner-bottom\"><\/div>\t\t\t<div class=\"elementor-container elementor-column-gap-default\" >\r\n\t\t\t        <div class=\"elementor-column elementor-col-100 elementor-top-column elementor-element elementor-element-0e9cabf\" data-id=\"0e9cabf\" data-element_type=\"column\" data-e-type=\"column\">\r\n            <div class=\"elementor-widget-wrap elementor-element-populated\">\r\n                \t\t<div class=\"elementor-element elementor-element-827bf30 elementor-widget elementor-widget-heading\" data-id=\"827bf30\" data-element_type=\"widget\" data-e-type=\"widget\" data-widget_type=\"heading.default\">\n\t\t\t\t<div class=\"elementor-widget-container\">\n\t\t\t\t\t<h3 class=\"elementor-heading-title elementor-size-default\">Cooper Pharma est le partenaire de choix pour toute entreprise pharmaceutique souhaitant se d\u00e9velopper sur notre r\u00e9gion. <\/br>Ainsi, Nous fabriquons ou distribuons  \u00e9galement pour pr\u00e8s de 15 laboratoires multinationaux pr\u00e9sents dans 4 continents, avec un business model mixte : <\/h3>\t\t\t\t<\/div>\n\t\t\t\t<\/div>\n\t\t\t\t<div class=\"elementor-element elementor-element-b2483e2 elementor-widget elementor-widget-heading\" data-id=\"b2483e2\" data-element_type=\"widget\" data-e-type=\"widget\" data-widget_type=\"heading.default\">\n\t\t\t\t<div class=\"elementor-widget-container\">\n\t\t\t\t\t<h3 class=\"elementor-heading-title elementor-size-default\">IMPORTATION ET FABRICATION LOCALE<\/h3>\t\t\t\t<\/div>\n\t\t\t\t<\/div>\n\t\t\t\t<div class=\"elementor-element elementor-element-c3df88d elementor-widget elementor-widget-heading\" data-id=\"c3df88d\" data-element_type=\"widget\" data-e-type=\"widget\" data-widget_type=\"heading.default\">\n\t\t\t\t<div class=\"elementor-widget-container\">\n\t\t\t\t\t<h3 class=\"elementor-heading-title elementor-size-default\">Pour chaque partenaire, nous d\u00e9veloppons un partenariat sur mesure en fonction de ses besoins.<\/h3>\t\t\t\t<\/div>\n\t\t\t\t<\/div>\n\t\t            <\/div>\r\n        <\/div>\r\n        \t\t\t<\/div>\r\n\t\t<\/div>\r\n\t\t\t\t<div class=\"elementor-section elementor-top-section elementor-element elementor-element-74d8a66 elementor-section-boxed elementor-section-height-default elementor-section-height-default cms-remove-row-no cms-section-no-padding-no cms-boxed-bg-false cms-section-boxed-divider-false cms-overlay-gradient-bg-yes cms-overlay-gradient-mode-tb\" data-id=\"74d8a66\" data-element_type=\"section\" data-e-type=\"section\">\r\n\t\t\t<div class=\"cms-overlay-gradient\"><\/div><div class=\"cms-section-boxed-bg\"><\/div><div class=\"cms-section-boxed-divider\"><\/div><div class=\"cms-elementor-section-remove\"><\/div><div class=\"cms-elementor-section-corner cms-elementor-section-corner-top\"><\/div><div class=\"cms-elementor-section-corner cms-elementor-section-corner-bottom\"><\/div>\t\t\t<div class=\"elementor-container elementor-column-gap-default\" >\r\n\t\t\t        <div class=\"elementor-column elementor-col-100 elementor-top-column elementor-element elementor-element-28e6d4a\" data-id=\"28e6d4a\" data-element_type=\"column\" data-e-type=\"column\">\r\n            <div class=\"elementor-widget-wrap elementor-element-populated\">\r\n                \t\t<div class=\"elementor-element elementor-element-087aac9 elementor-widget elementor-widget-spacer\" data-id=\"087aac9\" data-element_type=\"widget\" data-e-type=\"widget\" data-widget_type=\"spacer.default\">\n\t\t\t\t<div class=\"elementor-widget-container\">\n\t\t\t\t\t\t\t<div class=\"elementor-spacer\">\n\t\t\t<div class=\"elementor-spacer-inner\"><\/div>\n\t\t<\/div>\n\t\t\t\t\t\t<\/div>\n\t\t\t\t<\/div>\n\t\t\t\t<div class=\"elementor-element elementor-element-1b0cd48 cms-swiper-nav-out-vertical cms-clients cms-clients-layout-1 cms-sliders-full-no cms-swiper-arrows-true cms-swiper-arrows-icon-default cms-swiper-nav-size-default cms-swiper-nav-shape-default cms-swiper-nav-outline-no cms-swiper-dots-true cms-swiper-dots-out elementor-widget elementor-widget-cms_clients\" data-id=\"1b0cd48\" data-element_type=\"widget\" data-e-type=\"widget\" data-widget_type=\"cms_clients.default\">\n\t\t\t\t<div class=\"elementor-widget-container\">\n\t\t\t\t\t<div class=\"cms-client-slider cms-swiper-sliders\">\r\n    <div class=\"cms-swiper-slider-wrap\">\r\n        <div class=\"cms-swiper-container no-shadow\" dir=\"ltr\" data-settings=\"{&quot;slide_direction&quot;:&quot;horizontal&quot;,&quot;slide_percolumn&quot;:1,&quot;slide_percolumnfill&quot;:&quot;column&quot;,&quot;slide_mode&quot;:&quot;slide&quot;,&quot;slides_to_show&quot;:8,&quot;slides_to_show_widescreen&quot;:8,&quot;slides_to_show_laptop&quot;:8,&quot;slides_to_show_tablet_extra&quot;:8,&quot;slides_to_show_tablet&quot;:2,&quot;slides_to_show_mobile_extra&quot;:2,&quot;slides_to_show_mobile&quot;:1,&quot;slides_to_scroll&quot;:8,&quot;slides_to_scroll_widescreen&quot;:8,&quot;slides_to_scroll_laptop&quot;:8,&quot;slides_to_scroll_tablet&quot;:2,&quot;slides_to_scroll_tablet_extra&quot;:8,&quot;slides_to_scroll_mobile&quot;:1,&quot;slides_to_scroll_mobile_extra&quot;:2,&quot;slides_gutter&quot;:40,&quot;arrow&quot;:&quot;true&quot;,&quot;arrow_tablet&quot;:&quot;true&quot;,&quot;arrow_mobile&quot;:&quot;true&quot;,&quot;dots&quot;:&quot;true&quot;,&quot;dots_tablet&quot;:&quot;true&quot;,&quot;dots_mobile&quot;:&quot;true&quot;,&quot;dots_style&quot;:&quot;divider&quot;,&quot;autoplay&quot;:&quot;true&quot;,&quot;pause_on_hover&quot;:&quot;true&quot;,&quot;pause_on_interaction&quot;:&quot;true&quot;,&quot;delay&quot;:2000,&quot;loop&quot;:&quot;false&quot;,&quot;speed&quot;:300}\">\r\n                        <div class=\"cms-swiper-wrapper swiper-wrapper align-items-center\">\r\n                                    <div class=\"cms-client-item cms-swiper-slide swiper-slide\">\r\n                        <a href=\"#\" target=\"_blank\" class=\"d-block text-center\">\r\n                            <img fetchpriority=\"high\" decoding=\"async\" width=\"3840\" height=\"2160\" src=\"https:\/\/cooperpharma.ma\/wp-content\/uploads\/2023\/11\/1-Pfizer-logo.png\" class=\"cms-img\" alt=\"\" srcset=\"https:\/\/cooperpharma.ma\/wp-content\/uploads\/2023\/11\/1-Pfizer-logo.png 3840w, https:\/\/cooperpharma.ma\/wp-content\/uploads\/2023\/11\/1-Pfizer-logo-1536x864.png 1536w, https:\/\/cooperpharma.ma\/wp-content\/uploads\/2023\/11\/1-Pfizer-logo-2048x1152.png 2048w, https:\/\/cooperpharma.ma\/wp-content\/uploads\/2023\/11\/1-Pfizer-logo-18x10.png 18w\" sizes=\"(max-width: 3840px) 100vw, 3840px\" \/>                        <\/a>\r\n                    <\/div>\r\n                                    <div class=\"cms-client-item cms-swiper-slide swiper-slide\">\r\n                        <a href=\"#\" target=\"_blank\" class=\"d-block text-center\">\r\n                            <img decoding=\"async\" width=\"1239\" height=\"460\" src=\"https:\/\/cooperpharma.ma\/wp-content\/uploads\/2023\/11\/3-Logo-Mayoly-Spindler-Laboratoires.png\" class=\"cms-img\" alt=\"\" srcset=\"https:\/\/cooperpharma.ma\/wp-content\/uploads\/2023\/11\/3-Logo-Mayoly-Spindler-Laboratoires.png 1239w, https:\/\/cooperpharma.ma\/wp-content\/uploads\/2023\/11\/3-Logo-Mayoly-Spindler-Laboratoires-18x7.png 18w\" sizes=\"(max-width: 1239px) 100vw, 1239px\" \/>                        <\/a>\r\n                    <\/div>\r\n                                    <div class=\"cms-client-item cms-swiper-slide swiper-slide\">\r\n                        <a href=\"#\" target=\"_blank\" class=\"d-block text-center\">\r\n                            <img decoding=\"async\" width=\"3840\" height=\"2160\" src=\"https:\/\/cooperpharma.ma\/wp-content\/uploads\/2023\/11\/4-Merck-Logo.png\" class=\"cms-img\" alt=\"\" srcset=\"https:\/\/cooperpharma.ma\/wp-content\/uploads\/2023\/11\/4-Merck-Logo.png 3840w, https:\/\/cooperpharma.ma\/wp-content\/uploads\/2023\/11\/4-Merck-Logo-1536x864.png 1536w, https:\/\/cooperpharma.ma\/wp-content\/uploads\/2023\/11\/4-Merck-Logo-2048x1152.png 2048w, https:\/\/cooperpharma.ma\/wp-content\/uploads\/2023\/11\/4-Merck-Logo-18x10.png 18w\" sizes=\"(max-width: 3840px) 100vw, 3840px\" \/>                        <\/a>\r\n                    <\/div>\r\n                                    <div class=\"cms-client-item cms-swiper-slide swiper-slide\">\r\n                        <a href=\"#\" target=\"_blank\" class=\"d-block text-center\">\r\n                            <img loading=\"lazy\" decoding=\"async\" width=\"1440\" height=\"726\" src=\"https:\/\/cooperpharma.ma\/wp-content\/uploads\/2023\/11\/5-THEA-LOGO.jpg\" class=\"cms-img\" alt=\"\" srcset=\"https:\/\/cooperpharma.ma\/wp-content\/uploads\/2023\/11\/5-THEA-LOGO.jpg 1440w, https:\/\/cooperpharma.ma\/wp-content\/uploads\/2023\/11\/5-THEA-LOGO-18x9.jpg 18w\" sizes=\"(max-width: 1440px) 100vw, 1440px\" \/>                        <\/a>\r\n                    <\/div>\r\n                                    <div class=\"cms-client-item cms-swiper-slide swiper-slide\">\r\n                        <a href=\"#\" target=\"_blank\" class=\"d-block text-center\">\r\n                            <img loading=\"lazy\" decoding=\"async\" width=\"1920\" height=\"567\" src=\"https:\/\/cooperpharma.ma\/wp-content\/uploads\/2023\/11\/6-Iprad-Pharma.png\" class=\"cms-img\" alt=\"\" srcset=\"https:\/\/cooperpharma.ma\/wp-content\/uploads\/2023\/11\/6-Iprad-Pharma.png 1920w, https:\/\/cooperpharma.ma\/wp-content\/uploads\/2023\/11\/6-Iprad-Pharma-1536x454.png 1536w, https:\/\/cooperpharma.ma\/wp-content\/uploads\/2023\/11\/6-Iprad-Pharma-18x5.png 18w\" sizes=\"(max-width: 1920px) 100vw, 1920px\" \/>                        <\/a>\r\n                    <\/div>\r\n                                    <div class=\"cms-client-item cms-swiper-slide swiper-slide\">\r\n                        <a href=\"#\" target=\"_blank\" class=\"d-block text-center\">\r\n                            <img loading=\"lazy\" decoding=\"async\" width=\"2317\" height=\"857\" src=\"https:\/\/cooperpharma.ma\/wp-content\/uploads\/2023\/11\/8-LALLEMAND_LOGO.png\" class=\"cms-img\" alt=\"\" srcset=\"https:\/\/cooperpharma.ma\/wp-content\/uploads\/2023\/11\/8-LALLEMAND_LOGO.png 2317w, https:\/\/cooperpharma.ma\/wp-content\/uploads\/2023\/11\/8-LALLEMAND_LOGO-1536x568.png 1536w, https:\/\/cooperpharma.ma\/wp-content\/uploads\/2023\/11\/8-LALLEMAND_LOGO-2048x758.png 2048w, https:\/\/cooperpharma.ma\/wp-content\/uploads\/2023\/11\/8-LALLEMAND_LOGO-18x7.png 18w\" sizes=\"(max-width: 2317px) 100vw, 2317px\" \/>                        <\/a>\r\n                    <\/div>\r\n                                    <div class=\"cms-client-item cms-swiper-slide swiper-slide\">\r\n                        <a href=\"#\" target=\"_blank\" class=\"d-block text-center\">\r\n                            <img loading=\"lazy\" decoding=\"async\" width=\"2560\" height=\"637\" src=\"https:\/\/cooperpharma.ma\/wp-content\/uploads\/2023\/11\/9-Logo_Abbott_Laboratories.svg_.png\" class=\"cms-img\" alt=\"\" srcset=\"https:\/\/cooperpharma.ma\/wp-content\/uploads\/2023\/11\/9-Logo_Abbott_Laboratories.svg_.png 2560w, https:\/\/cooperpharma.ma\/wp-content\/uploads\/2023\/11\/9-Logo_Abbott_Laboratories.svg_-1536x382.png 1536w, https:\/\/cooperpharma.ma\/wp-content\/uploads\/2023\/11\/9-Logo_Abbott_Laboratories.svg_-2048x510.png 2048w, https:\/\/cooperpharma.ma\/wp-content\/uploads\/2023\/11\/9-Logo_Abbott_Laboratories.svg_-18x4.png 18w\" sizes=\"(max-width: 2560px) 100vw, 2560px\" \/>                        <\/a>\r\n                    <\/div>\r\n                                    <div class=\"cms-client-item cms-swiper-slide swiper-slide\">\r\n                        <a href=\"#\" target=\"_blank\" class=\"d-block text-center\">\r\n                            <img loading=\"lazy\" decoding=\"async\" width=\"1020\" height=\"328\" src=\"https:\/\/cooperpharma.ma\/wp-content\/uploads\/2023\/11\/10-Logo_Pierre_Fabre.png\" class=\"cms-img\" alt=\"\" srcset=\"https:\/\/cooperpharma.ma\/wp-content\/uploads\/2023\/11\/10-Logo_Pierre_Fabre.png 1020w, https:\/\/cooperpharma.ma\/wp-content\/uploads\/2023\/11\/10-Logo_Pierre_Fabre-18x6.png 18w\" sizes=\"(max-width: 1020px) 100vw, 1020px\" \/>                        <\/a>\r\n                    <\/div>\r\n                                    <div class=\"cms-client-item cms-swiper-slide swiper-slide\">\r\n                        <a href=\"#\" target=\"_blank\" class=\"d-block text-center\">\r\n                            <img loading=\"lazy\" decoding=\"async\" width=\"2560\" height=\"826\" src=\"https:\/\/cooperpharma.ma\/wp-content\/uploads\/2023\/11\/11-Almirall_Logo_2020.svg_.png\" class=\"cms-img\" alt=\"\" srcset=\"https:\/\/cooperpharma.ma\/wp-content\/uploads\/2023\/11\/11-Almirall_Logo_2020.svg_.png 2560w, https:\/\/cooperpharma.ma\/wp-content\/uploads\/2023\/11\/11-Almirall_Logo_2020.svg_-1536x496.png 1536w, https:\/\/cooperpharma.ma\/wp-content\/uploads\/2023\/11\/11-Almirall_Logo_2020.svg_-2048x661.png 2048w, https:\/\/cooperpharma.ma\/wp-content\/uploads\/2023\/11\/11-Almirall_Logo_2020.svg_-18x6.png 18w\" sizes=\"(max-width: 2560px) 100vw, 2560px\" \/>                        <\/a>\r\n                    <\/div>\r\n                                    <div class=\"cms-client-item cms-swiper-slide swiper-slide\">\r\n                        <a href=\"#\" target=\"_blank\" class=\"d-block text-center\">\r\n                            <img loading=\"lazy\" decoding=\"async\" width=\"1191\" height=\"842\" src=\"https:\/\/cooperpharma.ma\/wp-content\/uploads\/2023\/11\/13-Biofar.jpg\" class=\"cms-img\" alt=\"\" srcset=\"https:\/\/cooperpharma.ma\/wp-content\/uploads\/2023\/11\/13-Biofar.jpg 1191w, https:\/\/cooperpharma.ma\/wp-content\/uploads\/2023\/11\/13-Biofar-18x12.jpg 18w\" sizes=\"(max-width: 1191px) 100vw, 1191px\" \/>                        <\/a>\r\n                    <\/div>\r\n                                    <div class=\"cms-client-item cms-swiper-slide swiper-slide\">\r\n                        <a href=\"#\" target=\"_blank\" class=\"d-block text-center\">\r\n                            <img loading=\"lazy\" decoding=\"async\" width=\"2560\" height=\"888\" src=\"https:\/\/cooperpharma.ma\/wp-content\/uploads\/2023\/11\/14-Cipla_logo.svg_.png\" class=\"cms-img\" alt=\"\" srcset=\"https:\/\/cooperpharma.ma\/wp-content\/uploads\/2023\/11\/14-Cipla_logo.svg_.png 2560w, https:\/\/cooperpharma.ma\/wp-content\/uploads\/2023\/11\/14-Cipla_logo.svg_-1536x533.png 1536w, https:\/\/cooperpharma.ma\/wp-content\/uploads\/2023\/11\/14-Cipla_logo.svg_-2048x710.png 2048w, https:\/\/cooperpharma.ma\/wp-content\/uploads\/2023\/11\/14-Cipla_logo.svg_-18x6.png 18w\" sizes=\"(max-width: 2560px) 100vw, 2560px\" \/>                        <\/a>\r\n                    <\/div>\r\n                                    <div class=\"cms-client-item cms-swiper-slide swiper-slide\">\r\n                        <a href=\"#\" target=\"_blank\" class=\"d-block text-center\">\r\n                            <img loading=\"lazy\" decoding=\"async\" width=\"4500\" height=\"1132\" src=\"https:\/\/cooperpharma.ma\/wp-content\/uploads\/2023\/11\/16-Daiichi_Sankyo_logo.png\" class=\"cms-img\" alt=\"\" srcset=\"https:\/\/cooperpharma.ma\/wp-content\/uploads\/2023\/11\/16-Daiichi_Sankyo_logo.png 4500w, https:\/\/cooperpharma.ma\/wp-content\/uploads\/2023\/11\/16-Daiichi_Sankyo_logo-1536x386.png 1536w, https:\/\/cooperpharma.ma\/wp-content\/uploads\/2023\/11\/16-Daiichi_Sankyo_logo-2048x515.png 2048w, https:\/\/cooperpharma.ma\/wp-content\/uploads\/2023\/11\/16-Daiichi_Sankyo_logo-18x5.png 18w\" sizes=\"(max-width: 4500px) 100vw, 4500px\" \/>                        <\/a>\r\n                    <\/div>\r\n                                    <div class=\"cms-client-item cms-swiper-slide swiper-slide\">\r\n                        <a href=\"#\" target=\"_blank\" class=\"d-block text-center\">\r\n                            <img loading=\"lazy\" decoding=\"async\" width=\"1200\" height=\"267\" src=\"https:\/\/cooperpharma.ma\/wp-content\/uploads\/2023\/11\/17-Dr_Reddy_s_Laboratories_logo.svg_.png\" class=\"cms-img\" alt=\"\" srcset=\"https:\/\/cooperpharma.ma\/wp-content\/uploads\/2023\/11\/17-Dr_Reddy_s_Laboratories_logo.svg_.png 1200w, https:\/\/cooperpharma.ma\/wp-content\/uploads\/2023\/11\/17-Dr_Reddy_s_Laboratories_logo.svg_-18x4.png 18w\" sizes=\"(max-width: 1200px) 100vw, 1200px\" \/>                        <\/a>\r\n                    <\/div>\r\n                            <\/div>\r\n                        <div class=\"cms-swiper-dots cms-swiper-dots-color- cms-swiper-dots-color-hover- cms-swiper-dots-divider cms-swiper-dots-align-  empty-none\"><\/div>\r\n                    <div class=\"cms-swiper-arrow cmsi-icon cms-swiper-arrow-prev\"><\/div>\r\n            <div class=\"cms-swiper-arrow cmsi-icon cms-swiper-arrow-next\"><\/div>\r\n                <\/div>\r\n    <\/div>\r\n<\/div>\t\t\t\t<\/div>\n\t\t\t\t<\/div>\n\t\t            <\/div>\r\n        <\/div>\r\n        \t\t\t<\/div>\r\n\t\t<\/div>\r\n\t\t\t\t<\/div>","protected":false},"excerpt":{"rendered":"<p>Cooper Pharma Cooper Pharma est le partenaire de choix pour toute entreprise pharmaceutique souhaitant se d\u00e9velopper sur notre r\u00e9gion. Ainsi, Nous fabriquons ou distribuons \u00e9galement pour pr\u00e8s de 15 laboratoires multinationaux pr\u00e9sents dans 4 continents, avec un business model mixte : IMPORTATION ET FABRICATION LOCALE Pour chaque partenaire, nous d\u00e9veloppons un partenariat sur mesure en fonction de ses besoins.<\/p>","protected":false},"author":1,"featured_media":0,"parent":0,"menu_order":0,"comment_status":"closed","ping_status":"closed","template":"","meta":{"footnotes":""},"class_list":["post-5423","page","type-page","status-publish","hentry","cms-no-post-thumbnail"],"lang":"fr","translations":{"fr":5423,"en":5770},"_links":{"self":[{"href":"https:\/\/cooperpharma.ma\/en\/wp-json\/wp\/v2\/pages\/5423","targetHints":{"allow":["GET"]}}],"collection":[{"href":"https:\/\/cooperpharma.ma\/en\/wp-json\/wp\/v2\/pages"}],"about":[{"href":"https:\/\/cooperpharma.ma\/en\/wp-json\/wp\/v2\/types\/page"}],"author":[{"embeddable":true,"href":"https:\/\/cooperpharma.ma\/en\/wp-json\/wp\/v2\/users\/1"}],"replies":[{"embeddable":true,"href":"https:\/\/cooperpharma.ma\/en\/wp-json\/wp\/v2\/comments?post=5423"}],"version-history":[{"count":10,"href":"https:\/\/cooperpharma.ma\/en\/wp-json\/wp\/v2\/pages\/5423\/revisions"}],"predecessor-version":[{"id":5690,"href":"https:\/\/cooperpharma.ma\/en\/wp-json\/wp\/v2\/pages\/5423\/revisions\/5690"}],"wp:attachment":[{"href":"https:\/\/cooperpharma.ma\/en\/wp-json\/wp\/v2\/media?parent=5423"}],"curies":[{"name":"wp","href":"https:\/\/api.w.org\/{rel}","templated":true}]}}